{"id":287,"date":"2023-08-02T02:58:11","date_gmt":"2023-08-01T23:58:11","guid":{"rendered":"https:\/\/polarisconsultancy.biz\/?page_id=287"},"modified":"2024-05-21T09:16:06","modified_gmt":"2024-05-21T06:16:06","slug":"hizmetler","status":"publish","type":"page","link":"https:\/\/polarisconsultancy.biz\/en\/hizmetler\/","title":{"rendered":"Services"},"content":{"rendered":"<div data-elementor-type=\"wp-page\" data-elementor-id=\"287\" class=\"elementor elementor-287\" data-elementor-post-type=\"page\">\n\t\t\t\t<div class=\"elementor-element elementor-element-14e5e689 e-flex e-con-boxed e-con e-parent\" data-id=\"14e5e689\" data-element_type=\"container\" data-e-type=\"container\">\n\t\t\t\t\t<div class=\"e-con-inner\">\n\t\t<div class=\"elementor-element elementor-element-570b528d e-con-full e-flex e-con e-child\" data-id=\"570b528d\" data-element_type=\"container\" data-e-type=\"container\">\n\t\t\t\t<div class=\"elementor-element elementor-element-47398fa9 elementor-widget elementor-widget-heading\" data-id=\"47398fa9\" data-element_type=\"widget\" data-e-type=\"widget\" data-widget_type=\"heading.default\">\n\t\t\t\t\t<h2 class=\"elementor-heading-title elementor-size-default\">Our Services<\/h2>\t\t\t\t<\/div>\n\t\t\t\t<\/div>\n\t\t\t\t\t<\/div>\n\t\t\t\t<\/div>\n\t\t<div class=\"elementor-element elementor-element-6b192d6 e-con-full e-flex e-con e-parent\" data-id=\"6b192d6\" data-element_type=\"container\" data-e-type=\"container\">\n\t\t\t\t<div class=\"elementor-element elementor-element-5417695b elementor-widget-divider--view-line elementor-widget elementor-widget-divider\" data-id=\"5417695b\" data-element_type=\"widget\" data-e-type=\"widget\" data-widget_type=\"divider.default\">\n\t\t\t\t\t\t\t<div class=\"elementor-divider\">\n\t\t\t<span class=\"elementor-divider-separator\">\n\t\t\t\t\t\t<\/span>\n\t\t<\/div>\n\t\t\t\t\t\t<\/div>\n\t\t\t\t<\/div>\n\t\t<div class=\"elementor-element elementor-element-49ad96ee e-flex e-con-boxed e-con e-parent\" data-id=\"49ad96ee\" data-element_type=\"container\" data-e-type=\"container\">\n\t\t\t\t\t<div class=\"e-con-inner\">\n\t\t<div class=\"elementor-element elementor-element-4d50e999 e-con-full e-flex e-con e-child\" data-id=\"4d50e999\" data-element_type=\"container\" data-e-type=\"container\">\n\t\t\t\t<div class=\"elementor-element elementor-element-64192132 elementor-position-top elementor-widget elementor-widget-image-box\" data-id=\"64192132\" data-element_type=\"widget\" data-e-type=\"widget\" data-widget_type=\"image-box.default\">\n\t\t\t\t\t<div class=\"elementor-image-box-wrapper\"><figure class=\"elementor-image-box-img\"><a href=\"https:\/\/polarisconsultancy.biz\/en\/hizmetler\/consultancy-services-2\/\" tabindex=\"-1\"><img decoding=\"async\" width=\"174\" height=\"152\" src=\"https:\/\/polarisconsultancy.biz\/wp-content\/uploads\/2023\/08\/Danismanlik-Hizmetleri-2.svg\" class=\"attachment-full size-full wp-image-265\" alt=\"\" \/><\/a><\/figure><div class=\"elementor-image-box-content\"><h3 class=\"elementor-image-box-title\"><a href=\"https:\/\/polarisconsultancy.biz\/en\/hizmetler\/consultancy-services-2\/\">Consulting Services<\/a><\/h3><p class=\"elementor-image-box-description\">Strategic guidance, business development and success planning.<\/p><\/div><\/div>\t\t\t\t<\/div>\n\t\t\t\t<div class=\"elementor-element elementor-element-86dfcf5 elementor-align-center elementor-widget elementor-widget-button\" data-id=\"86dfcf5\" data-element_type=\"widget\" data-e-type=\"widget\" data-widget_type=\"button.default\">\n\t\t\t\t\t\t\t\t\t\t<a class=\"elementor-button elementor-button-link elementor-size-sm\" href=\"https:\/\/polarisconsultancy.biz\/en\/hizmetler\/consultancy-services-2\/\">\n\t\t\t\t\t\t<span class=\"elementor-button-content-wrapper\">\n\t\t\t\t\t\t\t\t\t<span class=\"elementor-button-text\">Explore<\/span>\n\t\t\t\t\t<\/span>\n\t\t\t\t\t<\/a>\n\t\t\t\t\t\t\t\t<\/div>\n\t\t\t\t<\/div>\n\t\t<div class=\"elementor-element elementor-element-13336f99 e-con-full e-flex e-con e-child\" data-id=\"13336f99\" data-element_type=\"container\" data-e-type=\"container\">\n\t\t\t\t<div class=\"elementor-element elementor-element-1ab06e52 elementor-position-top elementor-widget elementor-widget-image-box\" data-id=\"1ab06e52\" data-element_type=\"widget\" data-e-type=\"widget\" data-widget_type=\"image-box.default\">\n\t\t\t\t\t<div class=\"elementor-image-box-wrapper\"><figure class=\"elementor-image-box-img\"><a href=\"https:\/\/polarisconsultancy.biz\/en\/hizmetler\/country-research-reporting-and-analysis-services\/\" tabindex=\"-1\"><img decoding=\"async\" width=\"174\" height=\"152\" src=\"https:\/\/polarisconsultancy.biz\/wp-content\/uploads\/2023\/08\/Rapor-ve-Ulke-Analiz-Hizmetleri-.svg\" class=\"attachment-full size-full wp-image-268\" alt=\"\" \/><\/a><\/figure><div class=\"elementor-image-box-content\"><h3 class=\"elementor-image-box-title\"><a href=\"https:\/\/polarisconsultancy.biz\/en\/hizmetler\/country-research-reporting-and-analysis-services\/\">Country Research, Reporting and Analysis Services<\/a><\/h3><p class=\"elementor-image-box-description\">Detailed market analysis, country economy and trends.<\/p><\/div><\/div>\t\t\t\t<\/div>\n\t\t\t\t<div class=\"elementor-element elementor-element-33bbd7dc elementor-align-center elementor-widget elementor-widget-button\" data-id=\"33bbd7dc\" data-element_type=\"widget\" data-e-type=\"widget\" data-widget_type=\"button.default\">\n\t\t\t\t\t\t\t\t\t\t<a class=\"elementor-button elementor-button-link elementor-size-sm\" href=\"https:\/\/polarisconsultancy.biz\/en\/hizmetler\/country-research-reporting-and-analysis-services\/\">\n\t\t\t\t\t\t<span class=\"elementor-button-content-wrapper\">\n\t\t\t\t\t\t\t\t\t<span class=\"elementor-button-text\">Explore<\/span>\n\t\t\t\t\t<\/span>\n\t\t\t\t\t<\/a>\n\t\t\t\t\t\t\t\t<\/div>\n\t\t\t\t<\/div>\n\t\t<div class=\"elementor-element elementor-element-51b536ef e-con-full e-flex e-con e-child\" data-id=\"51b536ef\" data-element_type=\"container\" data-e-type=\"container\">\n\t\t\t\t<div class=\"elementor-element elementor-element-5e6ccc4f elementor-position-top elementor-widget elementor-widget-image-box\" data-id=\"5e6ccc4f\" data-element_type=\"widget\" data-e-type=\"widget\" data-widget_type=\"image-box.default\">\n\t\t\t\t\t<div class=\"elementor-image-box-wrapper\"><figure class=\"elementor-image-box-img\"><a href=\"https:\/\/polarisconsultancy.biz\/en\/hizmetler\/market-analysis-and-research-services-2\/\" tabindex=\"-1\"><img decoding=\"async\" width=\"123\" height=\"152\" src=\"https:\/\/polarisconsultancy.biz\/wp-content\/uploads\/2023\/08\/Pazar-Arastirmasi-2.svg\" class=\"attachment-full size-full wp-image-267\" alt=\"\" \/><\/a><\/figure><div class=\"elementor-image-box-content\"><h3 class=\"elementor-image-box-title\"><a href=\"https:\/\/polarisconsultancy.biz\/en\/hizmetler\/market-analysis-and-research-services-2\/\">Market Analysis and Research Services<\/a><\/h3><p class=\"elementor-image-box-description\">Target audience analysis, market dynamics and opportunity identification.<\/p><\/div><\/div>\t\t\t\t<\/div>\n\t\t\t\t<div class=\"elementor-element elementor-element-10df4148 elementor-align-center elementor-widget elementor-widget-button\" data-id=\"10df4148\" data-element_type=\"widget\" data-e-type=\"widget\" data-widget_type=\"button.default\">\n\t\t\t\t\t\t\t\t\t\t<a class=\"elementor-button elementor-button-link elementor-size-sm\" href=\"https:\/\/polarisconsultancy.biz\/en\/hizmetler\/market-analysis-and-research-services-2\/\">\n\t\t\t\t\t\t<span class=\"elementor-button-content-wrapper\">\n\t\t\t\t\t\t\t\t\t<span class=\"elementor-button-text\">Explore<\/span>\n\t\t\t\t\t<\/span>\n\t\t\t\t\t<\/a>\n\t\t\t\t\t\t\t\t<\/div>\n\t\t\t\t<\/div>\n\t\t<div class=\"elementor-element elementor-element-12ecbee3 e-con-full e-flex e-con e-child\" data-id=\"12ecbee3\" data-element_type=\"container\" data-e-type=\"container\">\n\t\t\t\t<div class=\"elementor-element elementor-element-6b4630fe elementor-position-top elementor-widget elementor-widget-image-box\" data-id=\"6b4630fe\" data-element_type=\"widget\" data-e-type=\"widget\" data-widget_type=\"image-box.default\">\n\t\t\t\t\t<div class=\"elementor-image-box-wrapper\"><figure class=\"elementor-image-box-img\"><a href=\"https:\/\/polarisconsultancy.biz\/en\/hizmetler\/audit-services-2\/\" tabindex=\"-1\"><img loading=\"lazy\" decoding=\"async\" width=\"160\" height=\"152\" src=\"https:\/\/polarisconsultancy.biz\/wp-content\/uploads\/2023\/08\/Denetim-Hizmetleri.svg\" class=\"attachment-full size-full wp-image-266\" alt=\"\" \/><\/a><\/figure><div class=\"elementor-image-box-content\"><h3 class=\"elementor-image-box-title\"><a href=\"https:\/\/polarisconsultancy.biz\/en\/hizmetler\/audit-services-2\/\">Audit Services<\/a><\/h3><p class=\"elementor-image-box-description\">Financial review, compliance checking and reliable reporting.<\/p><\/div><\/div>\t\t\t\t<\/div>\n\t\t\t\t<div class=\"elementor-element elementor-element-30816fd9 elementor-align-center elementor-widget elementor-widget-button\" data-id=\"30816fd9\" data-element_type=\"widget\" data-e-type=\"widget\" data-widget_type=\"button.default\">\n\t\t\t\t\t\t\t\t\t\t<a class=\"elementor-button elementor-button-link elementor-size-sm\" href=\"https:\/\/polarisconsultancy.biz\/en\/hizmetler\/audit-services-2\/\">\n\t\t\t\t\t\t<span class=\"elementor-button-content-wrapper\">\n\t\t\t\t\t\t\t\t\t<span class=\"elementor-button-text\">Explore<\/span>\n\t\t\t\t\t<\/span>\n\t\t\t\t\t<\/a>\n\t\t\t\t\t\t\t\t<\/div>\n\t\t\t\t<\/div>\n\t\t\t\t\t<\/div>\n\t\t\t\t<\/div>\n\t\t\t\t<\/div>","protected":false},"excerpt":{"rendered":"<p>Hizmetlerimiz Dan\u0131\u015fmanl\u0131k Hizmetleri Stratejik rehberlik, i\u015f geli\u015ftirme ve ba\u015far\u0131 planlamas\u0131. Ke\u015ffet \u00dclke Ara\u015ft\u0131rmalar\u0131, Raporlama ve Analiz Hizmetleri Detayl\u0131 pazar analizi, \u00fclke ekonomisi ve trendler. Ke\u015ffet Pazar Analiz ve Ara\u015ft\u0131rma Hizmetleri Hedef kitle analizi, pazar dinamikleri ve f\u0131rsat tespiti. Ke\u015ffet Denetim Hizmetleri Finansal inceleme, uyumluluk kontrol\u00fc ve g\u00fcvenilir raporlama. Ke\u015ffet<\/p>","protected":false},"author":1,"featured_media":0,"parent":0,"menu_order":0,"comment_status":"closed","ping_status":"closed","template":"","meta":{"footnotes":""},"class_list":["post-287","page","type-page","status-publish","hentry"],"_links":{"self":[{"href":"https:\/\/polarisconsultancy.biz\/en\/wp-json\/wp\/v2\/pages\/287","targetHints":{"allow":["GET"]}}],"collection":[{"href":"https:\/\/polarisconsultancy.biz\/en\/wp-json\/wp\/v2\/pages"}],"about":[{"href":"https:\/\/polarisconsultancy.biz\/en\/wp-json\/wp\/v2\/types\/page"}],"author":[{"embeddable":true,"href":"https:\/\/polarisconsultancy.biz\/en\/wp-json\/wp\/v2\/users\/1"}],"replies":[{"embeddable":true,"href":"https:\/\/polarisconsultancy.biz\/en\/wp-json\/wp\/v2\/comments?post=287"}],"version-history":[{"count":0,"href":"https:\/\/polarisconsultancy.biz\/en\/wp-json\/wp\/v2\/pages\/287\/revisions"}],"wp:attachment":[{"href":"https:\/\/polarisconsultancy.biz\/en\/wp-json\/wp\/v2\/media?parent=287"}],"curies":[{"name":"wp","href":"https:\/\/api.w.org\/{rel}","templated":true}]}}