{"id":296,"date":"2023-08-02T03:10:33","date_gmt":"2023-08-02T00:10:33","guid":{"rendered":"https:\/\/polarisconsultancy.biz\/?page_id=296"},"modified":"2024-05-21T09:58:10","modified_gmt":"2024-05-21T06:58:10","slug":"sektorler","status":"publish","type":"page","link":"https:\/\/polarisconsultancy.biz\/en\/sectors-2\/","title":{"rendered":"Sectors"},"content":{"rendered":"<div data-elementor-type=\"wp-page\" data-elementor-id=\"296\" class=\"elementor elementor-296\" data-elementor-post-type=\"page\">\n\t\t\t\t<div class=\"elementor-element elementor-element-3e051c20 e-flex e-con-boxed e-con e-parent\" data-id=\"3e051c20\" data-element_type=\"container\" data-e-type=\"container\">\n\t\t\t\t\t<div class=\"e-con-inner\">\n\t\t<div class=\"elementor-element elementor-element-26b773f2 e-con-full e-flex e-con e-child\" data-id=\"26b773f2\" data-element_type=\"container\" data-e-type=\"container\">\n\t\t\t\t<div class=\"elementor-element elementor-element-386b1cdc elementor-widget__width-initial elementor-widget elementor-widget-heading\" data-id=\"386b1cdc\" data-element_type=\"widget\" data-e-type=\"widget\" data-widget_type=\"heading.default\">\n\t\t\t\t\t<h2 class=\"elementor-heading-title elementor-size-default\">Sectors<\/h2>\t\t\t\t<\/div>\n\t\t\t\t<\/div>\n\t\t\t\t\t<\/div>\n\t\t\t\t<\/div>\n\t\t<div class=\"elementor-element elementor-element-e099cb6 e-con-full e-flex e-con e-parent\" data-id=\"e099cb6\" data-element_type=\"container\" data-e-type=\"container\">\n\t\t\t\t<div class=\"elementor-element elementor-element-6dacead3 elementor-widget-divider--view-line elementor-widget elementor-widget-divider\" data-id=\"6dacead3\" data-element_type=\"widget\" data-e-type=\"widget\" data-widget_type=\"divider.default\">\n\t\t\t\t\t\t\t<div class=\"elementor-divider\">\n\t\t\t<span class=\"elementor-divider-separator\">\n\t\t\t\t\t\t<\/span>\n\t\t<\/div>\n\t\t\t\t\t\t<\/div>\n\t\t\t\t<\/div>\n\t\t<div class=\"elementor-element elementor-element-4cb5e01 e-flex e-con-boxed e-con e-parent\" data-id=\"4cb5e01\" data-element_type=\"container\" data-e-type=\"container\">\n\t\t\t\t\t<div class=\"e-con-inner\">\n\t\t<div class=\"elementor-element elementor-element-601b2cf e-con-full e-flex e-con e-child\" data-id=\"601b2cf\" data-element_type=\"container\" data-e-type=\"container\">\n\t\t\t\t<div class=\"elementor-element elementor-element-8d37194 elementor-position-top elementor-widget elementor-widget-image-box\" data-id=\"8d37194\" data-element_type=\"widget\" data-e-type=\"widget\" data-widget_type=\"image-box.default\">\n\t\t\t\t\t<div class=\"elementor-image-box-wrapper\"><figure class=\"elementor-image-box-img\"><a href=\"https:\/\/polarisconsultancy.biz\/en\/sectors-2\/animal-feed-and-food-sector-2\/\" tabindex=\"-1\"><img fetchpriority=\"high\" decoding=\"async\" width=\"2000\" height=\"2000\" src=\"https:\/\/polarisconsultancy.biz\/wp-content\/uploads\/2023\/08\/countryside-landscape-whis-geese-chickens-turkeys-graze-sheeps-in-poultry-yard-on-green-grass-ru.jpg\" class=\"attachment-full size-full wp-image-643\" alt=\"Countryside landscape whis geese, chickens, turkeys graze, sheeps in poultry yard on green grass. Ru\" srcset=\"https:\/\/polarisconsultancy.biz\/wp-content\/uploads\/2023\/08\/countryside-landscape-whis-geese-chickens-turkeys-graze-sheeps-in-poultry-yard-on-green-grass-ru.jpg 2000w, https:\/\/polarisconsultancy.biz\/wp-content\/uploads\/2023\/08\/countryside-landscape-whis-geese-chickens-turkeys-graze-sheeps-in-poultry-yard-on-green-grass-ru-300x300.jpg 300w, https:\/\/polarisconsultancy.biz\/wp-content\/uploads\/2023\/08\/countryside-landscape-whis-geese-chickens-turkeys-graze-sheeps-in-poultry-yard-on-green-grass-ru-1024x1024.jpg 1024w, https:\/\/polarisconsultancy.biz\/wp-content\/uploads\/2023\/08\/countryside-landscape-whis-geese-chickens-turkeys-graze-sheeps-in-poultry-yard-on-green-grass-ru-150x150.jpg 150w, https:\/\/polarisconsultancy.biz\/wp-content\/uploads\/2023\/08\/countryside-landscape-whis-geese-chickens-turkeys-graze-sheeps-in-poultry-yard-on-green-grass-ru-768x768.jpg 768w, https:\/\/polarisconsultancy.biz\/wp-content\/uploads\/2023\/08\/countryside-landscape-whis-geese-chickens-turkeys-graze-sheeps-in-poultry-yard-on-green-grass-ru-1536x1536.jpg 1536w\" sizes=\"(max-width: 2000px) 100vw, 2000px\" \/><\/a><\/figure><div class=\"elementor-image-box-content\"><h3 class=\"elementor-image-box-title\"><a href=\"https:\/\/polarisconsultancy.biz\/en\/sectors-2\/animal-feed-and-food-sector-2\/\">Animal Feed and Food<\/a><\/h3><p class=\"elementor-image-box-description\"><strong>Polaris<\/strong>, brings innovation to the sector by prioritizing naturalness and nutrition in the animal feeds and foods sector.<\/p><\/div><\/div>\t\t\t\t<\/div>\n\t\t\t\t<div class=\"elementor-element elementor-element-a0f2c89 elementor-align-left elementor-widget elementor-widget-button\" data-id=\"a0f2c89\" data-element_type=\"widget\" data-e-type=\"widget\" data-widget_type=\"button.default\">\n\t\t\t\t\t\t\t\t\t\t<a class=\"elementor-button elementor-button-link elementor-size-sm\" href=\"https:\/\/polarisconsultancy.biz\/en\/sectors-2\/animal-feed-and-food-sector-2\/\">\n\t\t\t\t\t\t<span class=\"elementor-button-content-wrapper\">\n\t\t\t\t\t\t\t\t\t<span class=\"elementor-button-text\">Explore<\/span>\n\t\t\t\t\t<\/span>\n\t\t\t\t\t<\/a>\n\t\t\t\t\t\t\t\t<\/div>\n\t\t\t\t<\/div>\n\t\t<div class=\"elementor-element elementor-element-5e0952e e-con-full e-flex e-con e-child\" data-id=\"5e0952e\" data-element_type=\"container\" data-e-type=\"container\">\n\t\t\t\t<div class=\"elementor-element elementor-element-a71a54b elementor-position-top elementor-widget elementor-widget-image-box\" data-id=\"a71a54b\" data-element_type=\"widget\" data-e-type=\"widget\" data-widget_type=\"image-box.default\">\n\t\t\t\t\t<div class=\"elementor-image-box-wrapper\"><figure class=\"elementor-image-box-img\"><a href=\"https:\/\/polarisconsultancy.biz\/en\/sectors-2\/agriculture-sector-2\/\" tabindex=\"-1\"><img decoding=\"async\" width=\"2000\" height=\"2000\" src=\"https:\/\/polarisconsultancy.biz\/wp-content\/uploads\/2023\/08\/rural-landscape-with-agricultural-fields.jpg\" class=\"attachment-full size-full wp-image-642\" alt=\"Rural landscape with agricultural fields\" srcset=\"https:\/\/polarisconsultancy.biz\/wp-content\/uploads\/2023\/08\/rural-landscape-with-agricultural-fields.jpg 2000w, https:\/\/polarisconsultancy.biz\/wp-content\/uploads\/2023\/08\/rural-landscape-with-agricultural-fields-300x300.jpg 300w, https:\/\/polarisconsultancy.biz\/wp-content\/uploads\/2023\/08\/rural-landscape-with-agricultural-fields-1024x1024.jpg 1024w, https:\/\/polarisconsultancy.biz\/wp-content\/uploads\/2023\/08\/rural-landscape-with-agricultural-fields-150x150.jpg 150w, https:\/\/polarisconsultancy.biz\/wp-content\/uploads\/2023\/08\/rural-landscape-with-agricultural-fields-768x768.jpg 768w, https:\/\/polarisconsultancy.biz\/wp-content\/uploads\/2023\/08\/rural-landscape-with-agricultural-fields-1536x1536.jpg 1536w\" sizes=\"(max-width: 2000px) 100vw, 2000px\" \/><\/a><\/figure><div class=\"elementor-image-box-content\"><h3 class=\"elementor-image-box-title\"><a href=\"https:\/\/polarisconsultancy.biz\/en\/sectors-2\/agriculture-sector-2\/\">Agriculture Sector<\/a><\/h3><p class=\"elementor-image-box-description\"><strong>Polaris<\/strong>, offers efficient and innovative solutions in the agricultural sector with modern technologies and sustainable approaches.<\/p><\/div><\/div>\t\t\t\t<\/div>\n\t\t\t\t<div class=\"elementor-element elementor-element-6424e93 elementor-align-left elementor-widget elementor-widget-button\" data-id=\"6424e93\" data-element_type=\"widget\" data-e-type=\"widget\" data-widget_type=\"button.default\">\n\t\t\t\t\t\t\t\t\t\t<a class=\"elementor-button elementor-button-link elementor-size-sm\" href=\"https:\/\/polarisconsultancy.biz\/en\/sectors-2\/agriculture-sector-2\/\">\n\t\t\t\t\t\t<span class=\"elementor-button-content-wrapper\">\n\t\t\t\t\t\t\t\t\t<span class=\"elementor-button-text\">Explore<\/span>\n\t\t\t\t\t<\/span>\n\t\t\t\t\t<\/a>\n\t\t\t\t\t\t\t\t<\/div>\n\t\t\t\t<\/div>\n\t\t<div class=\"elementor-element elementor-element-9bfe20b e-con-full e-flex e-con e-child\" data-id=\"9bfe20b\" data-element_type=\"container\" data-e-type=\"container\">\n\t\t\t\t<div class=\"elementor-element elementor-element-65ab4d3 elementor-position-top elementor-widget elementor-widget-image-box\" data-id=\"65ab4d3\" data-element_type=\"widget\" data-e-type=\"widget\" data-widget_type=\"image-box.default\">\n\t\t\t\t\t<div class=\"elementor-image-box-wrapper\"><figure class=\"elementor-image-box-img\"><a href=\"https:\/\/polarisconsultancy.biz\/en\/enerji-sektoru\/\" tabindex=\"-1\"><img decoding=\"async\" width=\"2000\" height=\"2000\" src=\"https:\/\/polarisconsultancy.biz\/wp-content\/uploads\/2023\/08\/solar-energy.jpg\" class=\"attachment-full size-full wp-image-640\" alt=\"solar energy\" srcset=\"https:\/\/polarisconsultancy.biz\/wp-content\/uploads\/2023\/08\/solar-energy.jpg 2000w, https:\/\/polarisconsultancy.biz\/wp-content\/uploads\/2023\/08\/solar-energy-300x300.jpg 300w, https:\/\/polarisconsultancy.biz\/wp-content\/uploads\/2023\/08\/solar-energy-1024x1024.jpg 1024w, https:\/\/polarisconsultancy.biz\/wp-content\/uploads\/2023\/08\/solar-energy-150x150.jpg 150w, https:\/\/polarisconsultancy.biz\/wp-content\/uploads\/2023\/08\/solar-energy-768x768.jpg 768w, https:\/\/polarisconsultancy.biz\/wp-content\/uploads\/2023\/08\/solar-energy-1536x1536.jpg 1536w\" sizes=\"(max-width: 2000px) 100vw, 2000px\" \/><\/a><\/figure><div class=\"elementor-image-box-content\"><h3 class=\"elementor-image-box-title\"><a href=\"https:\/\/polarisconsultancy.biz\/en\/enerji-sektoru\/\">Energy Sector<\/a><\/h3><p class=\"elementor-image-box-description\"><strong>Polaris<\/strong>, is realizing the energy solutions of the future today with sustainability and innovation in the energy sector.<\/p><\/div><\/div>\t\t\t\t<\/div>\n\t\t\t\t<div class=\"elementor-element elementor-element-431a917 elementor-align-left elementor-widget elementor-widget-button\" data-id=\"431a917\" data-element_type=\"widget\" data-e-type=\"widget\" data-widget_type=\"button.default\">\n\t\t\t\t\t\t\t\t\t\t<a class=\"elementor-button elementor-button-link elementor-size-sm\" href=\"https:\/\/polarisconsultancy.biz\/en\/enerji-sektoru\/\">\n\t\t\t\t\t\t<span class=\"elementor-button-content-wrapper\">\n\t\t\t\t\t\t\t\t\t<span class=\"elementor-button-text\">Explore<\/span>\n\t\t\t\t\t<\/span>\n\t\t\t\t\t<\/a>\n\t\t\t\t\t\t\t\t<\/div>\n\t\t\t\t<\/div>\n\t\t<div class=\"elementor-element elementor-element-25d7a40 e-con-full e-flex e-con e-child\" data-id=\"25d7a40\" data-element_type=\"container\" data-e-type=\"container\">\n\t\t\t\t<div class=\"elementor-element elementor-element-3d929eb elementor-position-top elementor-widget elementor-widget-image-box\" data-id=\"3d929eb\" data-element_type=\"widget\" data-e-type=\"widget\" data-widget_type=\"image-box.default\">\n\t\t\t\t\t<div class=\"elementor-image-box-wrapper\"><figure class=\"elementor-image-box-img\"><a href=\"https:\/\/polarisconsultancy.biz\/en\/gayrimenkul-sektoru\/\" tabindex=\"-1\"><img loading=\"lazy\" decoding=\"async\" width=\"2000\" height=\"2000\" src=\"https:\/\/polarisconsultancy.biz\/wp-content\/uploads\/2023\/08\/futuristic-cityscape-with-skyscrapers-hong-kong.jpg\" class=\"attachment-full size-full wp-image-647\" alt=\"Futuristic cityscape with skyscrapers. Hong Kong\" srcset=\"https:\/\/polarisconsultancy.biz\/wp-content\/uploads\/2023\/08\/futuristic-cityscape-with-skyscrapers-hong-kong.jpg 2000w, https:\/\/polarisconsultancy.biz\/wp-content\/uploads\/2023\/08\/futuristic-cityscape-with-skyscrapers-hong-kong-300x300.jpg 300w, https:\/\/polarisconsultancy.biz\/wp-content\/uploads\/2023\/08\/futuristic-cityscape-with-skyscrapers-hong-kong-1024x1024.jpg 1024w, https:\/\/polarisconsultancy.biz\/wp-content\/uploads\/2023\/08\/futuristic-cityscape-with-skyscrapers-hong-kong-150x150.jpg 150w, https:\/\/polarisconsultancy.biz\/wp-content\/uploads\/2023\/08\/futuristic-cityscape-with-skyscrapers-hong-kong-768x768.jpg 768w, https:\/\/polarisconsultancy.biz\/wp-content\/uploads\/2023\/08\/futuristic-cityscape-with-skyscrapers-hong-kong-1536x1536.jpg 1536w\" sizes=\"(max-width: 2000px) 100vw, 2000px\" \/><\/a><\/figure><div class=\"elementor-image-box-content\"><h3 class=\"elementor-image-box-title\"><a href=\"https:\/\/polarisconsultancy.biz\/en\/gayrimenkul-sektoru\/\">Real Estate Sector<\/a><\/h3><p class=\"elementor-image-box-description\"><strong>Polaris<\/strong>, offers valuable and sustainable opportunities to its investors with its expertise and vision in the real estate sector.<\/p><\/div><\/div>\t\t\t\t<\/div>\n\t\t\t\t<div class=\"elementor-element elementor-element-deacb18 elementor-align-left elementor-widget elementor-widget-button\" data-id=\"deacb18\" data-element_type=\"widget\" data-e-type=\"widget\" data-widget_type=\"button.default\">\n\t\t\t\t\t\t\t\t\t\t<a class=\"elementor-button elementor-button-link elementor-size-sm\" href=\"https:\/\/polarisconsultancy.biz\/en\/gayrimenkul-sektoru\/\">\n\t\t\t\t\t\t<span class=\"elementor-button-content-wrapper\">\n\t\t\t\t\t\t\t\t\t<span class=\"elementor-button-text\">Explore<\/span>\n\t\t\t\t\t<\/span>\n\t\t\t\t\t<\/a>\n\t\t\t\t\t\t\t\t<\/div>\n\t\t\t\t<\/div>\n\t\t<div class=\"elementor-element elementor-element-15beb3e e-con-full e-flex e-con e-child\" data-id=\"15beb3e\" data-element_type=\"container\" data-e-type=\"container\">\n\t\t\t\t<div class=\"elementor-element elementor-element-a50fa0d elementor-position-top elementor-widget elementor-widget-image-box\" data-id=\"a50fa0d\" data-element_type=\"widget\" data-e-type=\"widget\" data-widget_type=\"image-box.default\">\n\t\t\t\t\t<div class=\"elementor-image-box-wrapper\"><figure class=\"elementor-image-box-img\"><a href=\"https:\/\/polarisconsultancy.biz\/en\/sectors-2\/finance-sector-2\/\" tabindex=\"-1\"><img loading=\"lazy\" decoding=\"async\" width=\"2000\" height=\"2000\" src=\"https:\/\/polarisconsultancy.biz\/wp-content\/uploads\/2023\/08\/taking-a-look-at-the-latest-business-report.jpg\" class=\"attachment-full size-full wp-image-646\" alt=\"Taking a look at the latest business report\" srcset=\"https:\/\/polarisconsultancy.biz\/wp-content\/uploads\/2023\/08\/taking-a-look-at-the-latest-business-report.jpg 2000w, https:\/\/polarisconsultancy.biz\/wp-content\/uploads\/2023\/08\/taking-a-look-at-the-latest-business-report-300x300.jpg 300w, https:\/\/polarisconsultancy.biz\/wp-content\/uploads\/2023\/08\/taking-a-look-at-the-latest-business-report-1024x1024.jpg 1024w, https:\/\/polarisconsultancy.biz\/wp-content\/uploads\/2023\/08\/taking-a-look-at-the-latest-business-report-150x150.jpg 150w, https:\/\/polarisconsultancy.biz\/wp-content\/uploads\/2023\/08\/taking-a-look-at-the-latest-business-report-768x768.jpg 768w, https:\/\/polarisconsultancy.biz\/wp-content\/uploads\/2023\/08\/taking-a-look-at-the-latest-business-report-1536x1536.jpg 1536w\" sizes=\"(max-width: 2000px) 100vw, 2000px\" \/><\/a><\/figure><div class=\"elementor-image-box-content\"><h3 class=\"elementor-image-box-title\"><a href=\"https:\/\/polarisconsultancy.biz\/en\/sectors-2\/finance-sector-2\/\">Finance Sector<\/a><\/h3><p class=\"elementor-image-box-description\"><strong>Polaris<\/strong>, stands out by offering reliable and innovative solutions to its investors with its deep knowledge in the finance sector.<\/p><\/div><\/div>\t\t\t\t<\/div>\n\t\t\t\t<div class=\"elementor-element elementor-element-21b1052 elementor-align-left elementor-widget elementor-widget-button\" data-id=\"21b1052\" data-element_type=\"widget\" data-e-type=\"widget\" data-widget_type=\"button.default\">\n\t\t\t\t\t\t\t\t\t\t<a class=\"elementor-button elementor-button-link elementor-size-sm\" href=\"https:\/\/polarisconsultancy.biz\/en\/sectors-2\/finance-sector-2\/\">\n\t\t\t\t\t\t<span class=\"elementor-button-content-wrapper\">\n\t\t\t\t\t\t\t\t\t<span class=\"elementor-button-text\">Explore<\/span>\n\t\t\t\t\t<\/span>\n\t\t\t\t\t<\/a>\n\t\t\t\t\t\t\t\t<\/div>\n\t\t\t\t<\/div>\n\t\t<div class=\"elementor-element elementor-element-8fa8a41 e-con-full e-flex e-con e-child\" data-id=\"8fa8a41\" data-element_type=\"container\" data-e-type=\"container\">\n\t\t\t\t<div class=\"elementor-element elementor-element-6ba8298 elementor-position-top elementor-widget elementor-widget-image-box\" data-id=\"6ba8298\" data-element_type=\"widget\" data-e-type=\"widget\" data-widget_type=\"image-box.default\">\n\t\t\t\t\t<div class=\"elementor-image-box-wrapper\"><figure class=\"elementor-image-box-img\"><a href=\"https:\/\/polarisconsultancy.biz\/en\/sectors-2\/retail-sector-2\/\" tabindex=\"-1\"><img loading=\"lazy\" decoding=\"async\" width=\"2000\" height=\"2000\" src=\"https:\/\/polarisconsultancy.biz\/wp-content\/uploads\/2023\/08\/family-on-shopping-moving-up-on-escalator-stairs-in-hypermarket.jpg\" class=\"attachment-full size-full wp-image-645\" alt=\"Family On Shopping Moving Up On Escalator Stairs In Hypermarket\" srcset=\"https:\/\/polarisconsultancy.biz\/wp-content\/uploads\/2023\/08\/family-on-shopping-moving-up-on-escalator-stairs-in-hypermarket.jpg 2000w, https:\/\/polarisconsultancy.biz\/wp-content\/uploads\/2023\/08\/family-on-shopping-moving-up-on-escalator-stairs-in-hypermarket-300x300.jpg 300w, https:\/\/polarisconsultancy.biz\/wp-content\/uploads\/2023\/08\/family-on-shopping-moving-up-on-escalator-stairs-in-hypermarket-1024x1024.jpg 1024w, https:\/\/polarisconsultancy.biz\/wp-content\/uploads\/2023\/08\/family-on-shopping-moving-up-on-escalator-stairs-in-hypermarket-150x150.jpg 150w, https:\/\/polarisconsultancy.biz\/wp-content\/uploads\/2023\/08\/family-on-shopping-moving-up-on-escalator-stairs-in-hypermarket-768x768.jpg 768w, https:\/\/polarisconsultancy.biz\/wp-content\/uploads\/2023\/08\/family-on-shopping-moving-up-on-escalator-stairs-in-hypermarket-1536x1536.jpg 1536w\" sizes=\"(max-width: 2000px) 100vw, 2000px\" \/><\/a><\/figure><div class=\"elementor-image-box-content\"><h3 class=\"elementor-image-box-title\"><a href=\"https:\/\/polarisconsultancy.biz\/en\/sectors-2\/retail-sector-2\/\">Retail Sector<\/a><\/h3><p class=\"elementor-image-box-description\"><strong>Polaris<\/strong>, achieves sustainable success by exceeding customer expectations with its innovative vision in the retail sector.\n\n\n\n\n<\/p><\/div><\/div>\t\t\t\t<\/div>\n\t\t\t\t<div class=\"elementor-element elementor-element-53aec76 elementor-align-left elementor-widget elementor-widget-button\" data-id=\"53aec76\" data-element_type=\"widget\" data-e-type=\"widget\" data-widget_type=\"button.default\">\n\t\t\t\t\t\t\t\t\t\t<a class=\"elementor-button elementor-button-link elementor-size-sm\" href=\"https:\/\/polarisconsultancy.biz\/en\/sectors-2\/retail-sector-2\/\">\n\t\t\t\t\t\t<span class=\"elementor-button-content-wrapper\">\n\t\t\t\t\t\t\t\t\t<span class=\"elementor-button-text\">Explore<\/span>\n\t\t\t\t\t<\/span>\n\t\t\t\t\t<\/a>\n\t\t\t\t\t\t\t\t<\/div>\n\t\t\t\t<\/div>\n\t\t<div class=\"elementor-element elementor-element-0526e74 e-con-full e-flex e-con e-child\" data-id=\"0526e74\" data-element_type=\"container\" data-e-type=\"container\">\n\t\t\t\t<div class=\"elementor-element elementor-element-08299eb elementor-position-top elementor-widget elementor-widget-image-box\" data-id=\"08299eb\" data-element_type=\"widget\" data-e-type=\"widget\" data-widget_type=\"image-box.default\">\n\t\t\t\t\t<div class=\"elementor-image-box-wrapper\"><figure class=\"elementor-image-box-img\"><a href=\"https:\/\/polarisconsultancy.biz\/en\/sectors-2\/chemical-industry-2\/\" tabindex=\"-1\"><img loading=\"lazy\" decoding=\"async\" width=\"2000\" height=\"2000\" src=\"https:\/\/polarisconsultancy.biz\/wp-content\/uploads\/2023\/08\/scientist-researching-in-laboratory.jpg\" class=\"attachment-full size-full wp-image-662\" alt=\"Scientist researching in laboratory\" srcset=\"https:\/\/polarisconsultancy.biz\/wp-content\/uploads\/2023\/08\/scientist-researching-in-laboratory.jpg 2000w, https:\/\/polarisconsultancy.biz\/wp-content\/uploads\/2023\/08\/scientist-researching-in-laboratory-300x300.jpg 300w, https:\/\/polarisconsultancy.biz\/wp-content\/uploads\/2023\/08\/scientist-researching-in-laboratory-1024x1024.jpg 1024w, https:\/\/polarisconsultancy.biz\/wp-content\/uploads\/2023\/08\/scientist-researching-in-laboratory-150x150.jpg 150w, https:\/\/polarisconsultancy.biz\/wp-content\/uploads\/2023\/08\/scientist-researching-in-laboratory-768x768.jpg 768w, https:\/\/polarisconsultancy.biz\/wp-content\/uploads\/2023\/08\/scientist-researching-in-laboratory-1536x1536.jpg 1536w\" sizes=\"(max-width: 2000px) 100vw, 2000px\" \/><\/a><\/figure><div class=\"elementor-image-box-content\"><h3 class=\"elementor-image-box-title\"><a href=\"https:\/\/polarisconsultancy.biz\/en\/sectors-2\/chemical-industry-2\/\">Chemical Industry<\/a><\/h3><p class=\"elementor-image-box-description\"><strong>Polaris<\/strong>, raises industry standards with sustainable approaches, environmentally friendly and innovative products in the chemical industry.\n\n\n\n<\/p><\/div><\/div>\t\t\t\t<\/div>\n\t\t\t\t<div class=\"elementor-element elementor-element-693be0c elementor-align-left elementor-widget elementor-widget-button\" data-id=\"693be0c\" data-element_type=\"widget\" data-e-type=\"widget\" data-widget_type=\"button.default\">\n\t\t\t\t\t\t\t\t\t\t<a class=\"elementor-button elementor-button-link elementor-size-sm\" href=\"https:\/\/polarisconsultancy.biz\/en\/sectors-2\/chemical-industry-2\/\">\n\t\t\t\t\t\t<span class=\"elementor-button-content-wrapper\">\n\t\t\t\t\t\t\t\t\t<span class=\"elementor-button-text\">Explore<\/span>\n\t\t\t\t\t<\/span>\n\t\t\t\t\t<\/a>\n\t\t\t\t\t\t\t\t<\/div>\n\t\t\t\t<\/div>\n\t\t<div class=\"elementor-element elementor-element-1f6cad7 e-con-full e-flex e-con e-child\" data-id=\"1f6cad7\" data-element_type=\"container\" data-e-type=\"container\">\n\t\t\t\t<div class=\"elementor-element elementor-element-1543015 elementor-position-top elementor-widget elementor-widget-image-box\" data-id=\"1543015\" data-element_type=\"widget\" data-e-type=\"widget\" data-widget_type=\"image-box.default\">\n\t\t\t\t\t<div class=\"elementor-image-box-wrapper\"><figure class=\"elementor-image-box-img\"><a href=\"https:\/\/polarisconsultancy.biz\/en\/tr\/sektorler\/saglik-teknolojisi-ve-eczacilik-sektorleri\/\" tabindex=\"-1\"><img loading=\"lazy\" decoding=\"async\" width=\"2000\" height=\"2000\" src=\"https:\/\/polarisconsultancy.biz\/wp-content\/uploads\/2024\/05\/happy-healthcare-and-portrait-of-doctor-at-hospital-proud-empowered-and-confident-face-leader-a.jpg\" class=\"attachment-full size-full wp-image-1480\" alt=\"Happy, healthcare and portrait of doctor at hospital proud, empowered and confident. Face, leader a\" srcset=\"https:\/\/polarisconsultancy.biz\/wp-content\/uploads\/2024\/05\/happy-healthcare-and-portrait-of-doctor-at-hospital-proud-empowered-and-confident-face-leader-a.jpg 2000w, https:\/\/polarisconsultancy.biz\/wp-content\/uploads\/2024\/05\/happy-healthcare-and-portrait-of-doctor-at-hospital-proud-empowered-and-confident-face-leader-a-300x300.jpg 300w, https:\/\/polarisconsultancy.biz\/wp-content\/uploads\/2024\/05\/happy-healthcare-and-portrait-of-doctor-at-hospital-proud-empowered-and-confident-face-leader-a-1024x1024.jpg 1024w, https:\/\/polarisconsultancy.biz\/wp-content\/uploads\/2024\/05\/happy-healthcare-and-portrait-of-doctor-at-hospital-proud-empowered-and-confident-face-leader-a-150x150.jpg 150w, https:\/\/polarisconsultancy.biz\/wp-content\/uploads\/2024\/05\/happy-healthcare-and-portrait-of-doctor-at-hospital-proud-empowered-and-confident-face-leader-a-768x768.jpg 768w, https:\/\/polarisconsultancy.biz\/wp-content\/uploads\/2024\/05\/happy-healthcare-and-portrait-of-doctor-at-hospital-proud-empowered-and-confident-face-leader-a-1536x1536.jpg 1536w\" sizes=\"(max-width: 2000px) 100vw, 2000px\" \/><\/a><\/figure><div class=\"elementor-image-box-content\"><h3 class=\"elementor-image-box-title\"><a href=\"https:\/\/polarisconsultancy.biz\/en\/tr\/sektorler\/saglik-teknolojisi-ve-eczacilik-sektorleri\/\">Health Technology and Pharmacy Sectors<\/a><\/h3><p class=\"elementor-image-box-description\"><strong>Polaris<\/strong>, is driving healthcare innovation forward, implementing IT solutions and transforming patient experiences.\n\n\n<\/p><\/div><\/div>\t\t\t\t<\/div>\n\t\t\t\t<div class=\"elementor-element elementor-element-e65e8cb elementor-align-left elementor-widget elementor-widget-button\" data-id=\"e65e8cb\" data-element_type=\"widget\" data-e-type=\"widget\" data-widget_type=\"button.default\">\n\t\t\t\t\t\t\t\t\t\t<a class=\"elementor-button elementor-button-link elementor-size-sm\" href=\"https:\/\/polarisconsultancy.biz\/en\/tr\/sektorler\/saglik-teknolojisi-ve-eczacilik-sektorleri\/\">\n\t\t\t\t\t\t<span class=\"elementor-button-content-wrapper\">\n\t\t\t\t\t\t\t\t\t<span class=\"elementor-button-text\">Explore<\/span>\n\t\t\t\t\t<\/span>\n\t\t\t\t\t<\/a>\n\t\t\t\t\t\t\t\t<\/div>\n\t\t\t\t<\/div>\n\t\t\t\t\t<\/div>\n\t\t\t\t<\/div>\n\t\t\t\t<\/div>","protected":false},"excerpt":{"rendered":"<p>Sekt\u00f6rler Hayvan Yemleri ve Mamalar\u0131 Polaris, hayvan yemleri ve mamalar\u0131 sekt\u00f6r\u00fcnde, do\u011fall\u0131\u011f\u0131 ve besleyicili\u011fi \u00f6n planda tutarak sekt\u00f6re yenilik getiriyor. Ke\u015ffet Tar\u0131m Sekt\u00f6r\u00fc Polaris, tar\u0131m sekt\u00f6r\u00fcnde modern teknolojileri ve s\u00fcrd\u00fcr\u00fclebilir yakla\u015f\u0131mlar\u0131yla, verimli ve yenilik\u00e7i \u00e7\u00f6z\u00fcmler sunuyor. Ke\u015ffet Enerji Sekt\u00f6r\u00fc Polaris, enerji sekt\u00f6r\u00fcnde s\u00fcrd\u00fcr\u00fclebilirlik ve inovasyonla, gelece\u011fin enerji \u00e7\u00f6z\u00fcmlerini bug\u00fcnden hayata ge\u00e7iriyor. Ke\u015ffet Gayrimenkul Sekt\u00f6r\u00fc Polaris, [&hellip;]<\/p>\n","protected":false},"author":1,"featured_media":0,"parent":0,"menu_order":0,"comment_status":"closed","ping_status":"closed","template":"","meta":{"footnotes":""},"class_list":["post-296","page","type-page","status-publish","hentry"],"_links":{"self":[{"href":"https:\/\/polarisconsultancy.biz\/en\/wp-json\/wp\/v2\/pages\/296","targetHints":{"allow":["GET"]}}],"collection":[{"href":"https:\/\/polarisconsultancy.biz\/en\/wp-json\/wp\/v2\/pages"}],"about":[{"href":"https:\/\/polarisconsultancy.biz\/en\/wp-json\/wp\/v2\/types\/page"}],"author":[{"embeddable":true,"href":"https:\/\/polarisconsultancy.biz\/en\/wp-json\/wp\/v2\/users\/1"}],"replies":[{"embeddable":true,"href":"https:\/\/polarisconsultancy.biz\/en\/wp-json\/wp\/v2\/comments?post=296"}],"version-history":[{"count":0,"href":"https:\/\/polarisconsultancy.biz\/en\/wp-json\/wp\/v2\/pages\/296\/revisions"}],"wp:attachment":[{"href":"https:\/\/polarisconsultancy.biz\/en\/wp-json\/wp\/v2\/media?parent=296"}],"curies":[{"name":"wp","href":"https:\/\/api.w.org\/{rel}","templated":true}]}}