{"id":311,"date":"2023-08-02T08:18:07","date_gmt":"2023-08-02T05:18:07","guid":{"rendered":"https:\/\/polarisconsultancy.biz\/?page_id=311"},"modified":"2023-09-21T11:02:31","modified_gmt":"2023-09-21T08:02:31","slug":"hayvan-yemleri-ve-mamalari-sektoru","status":"publish","type":"page","link":"https:\/\/polarisconsultancy.biz\/en\/sectors-2\/animal-feed-and-food-sector-2\/","title":{"rendered":"Animal Feed and Food Sector"},"content":{"rendered":"<div data-elementor-type=\"wp-page\" data-elementor-id=\"311\" class=\"elementor elementor-311\" data-elementor-post-type=\"page\">\n\t\t\t\t<div class=\"elementor-element elementor-element-54ac09d3 e-flex e-con-boxed e-con e-parent\" data-id=\"54ac09d3\" data-element_type=\"container\" data-e-type=\"container\">\n\t\t\t\t\t<div class=\"e-con-inner\">\n\t\t<div class=\"elementor-element elementor-element-521aa87a e-con-full e-flex e-con e-child\" data-id=\"521aa87a\" data-element_type=\"container\" data-e-type=\"container\">\n\t\t\t\t<div class=\"elementor-element elementor-element-36970b2c elementor-widget elementor-widget-heading\" data-id=\"36970b2c\" data-element_type=\"widget\" data-e-type=\"widget\" data-widget_type=\"heading.default\">\n\t\t\t\t\t<h2 class=\"elementor-heading-title elementor-size-default\">Animal Feed and Food Sector<\/h2>\t\t\t\t<\/div>\n\t\t\t\t<\/div>\n\t\t\t\t\t<\/div>\n\t\t\t\t<\/div>\n\t\t<div class=\"elementor-element elementor-element-19ea97e e-con-full e-flex e-con e-parent\" data-id=\"19ea97e\" data-element_type=\"container\" data-e-type=\"container\">\n\t\t\t\t<div class=\"elementor-element elementor-element-1670f415 elementor-widget-divider--view-line elementor-widget elementor-widget-divider\" data-id=\"1670f415\" data-element_type=\"widget\" data-e-type=\"widget\" data-widget_type=\"divider.default\">\n\t\t\t\t\t\t\t<div class=\"elementor-divider\">\n\t\t\t<span class=\"elementor-divider-separator\">\n\t\t\t\t\t\t<\/span>\n\t\t<\/div>\n\t\t\t\t\t\t<\/div>\n\t\t\t\t<\/div>\n\t\t<div class=\"elementor-element elementor-element-3ca92515 e-flex e-con-boxed e-con e-parent\" data-id=\"3ca92515\" data-element_type=\"container\" data-e-type=\"container\">\n\t\t\t\t\t<div class=\"e-con-inner\">\n\t\t<div class=\"elementor-element elementor-element-7c71e246 e-con-full e-flex e-con e-child\" data-id=\"7c71e246\" data-element_type=\"container\" data-e-type=\"container\">\n\t\t\t\t<div class=\"elementor-element elementor-element-6653bf91 elementor-widget elementor-widget-image\" data-id=\"6653bf91\" data-element_type=\"widget\" data-e-type=\"widget\" data-widget_type=\"image.default\">\n\t\t\t\t\t\t\t\t\t\t\t\t\t\t\t<img fetchpriority=\"high\" decoding=\"async\" width=\"1170\" height=\"370\" src=\"https:\/\/polarisconsultancy.biz\/wp-content\/uploads\/2023\/08\/Hayvan-Yemleri-ve-Mamalari-Sektoru.png\" class=\"attachment-full size-full wp-image-308\" alt=\"\" srcset=\"https:\/\/polarisconsultancy.biz\/wp-content\/uploads\/2023\/08\/Hayvan-Yemleri-ve-Mamalari-Sektoru.png 1170w, https:\/\/polarisconsultancy.biz\/wp-content\/uploads\/2023\/08\/Hayvan-Yemleri-ve-Mamalari-Sektoru-300x95.png 300w, https:\/\/polarisconsultancy.biz\/wp-content\/uploads\/2023\/08\/Hayvan-Yemleri-ve-Mamalari-Sektoru-1024x324.png 1024w, https:\/\/polarisconsultancy.biz\/wp-content\/uploads\/2023\/08\/Hayvan-Yemleri-ve-Mamalari-Sektoru-768x243.png 768w\" sizes=\"(max-width: 1170px) 100vw, 1170px\" \/>\t\t\t\t\t\t\t\t\t\t\t\t\t\t\t<\/div>\n\t\t\t\t<\/div>\n\t\t<div class=\"elementor-element elementor-element-90459f e-con-full e-flex e-con e-child\" data-id=\"90459f\" data-element_type=\"container\" data-e-type=\"container\">\n\t\t\t\t<div class=\"elementor-element elementor-element-53f60bb2 elementor-widget elementor-widget-text-editor\" data-id=\"53f60bb2\" data-element_type=\"widget\" data-e-type=\"widget\" data-widget_type=\"text-editor.default\">\n\t\t\t\t\t\t\t\t\t<p><span style=\"font-weight: 400;\">Materials that contain organic or inorganic nutrients in such a way that animals can benefit from them and do not have any harmful effects on their health when fed to animals under the conditions and quantities within the limits shown by the experiences obtained in practice are called feed. In Turkey, which is one of the important countries in the world in terms of livestock potential but cannot get enough share from this cake, the feed industry is an important branch of Agro-Industry with the number of established factories and the high capacity ratio available. In order to do this job in your target country, it is our job to research the country's industry and determine its needs.<\/span><\/p>\t\t\t\t\t\t\t\t<\/div>\n\t\t\t\t<\/div>\n\t\t\t\t\t<\/div>\n\t\t\t\t<\/div>\n\t\t\t\t<\/div>","protected":false},"excerpt":{"rendered":"<p>Hayvan Yemleri ve Mamalar\u0131 Sekt\u00f6r\u00fc Pratikte elde edilmi\u015f olan tecr\u00fcbelerin g\u00f6sterdi\u011fi s\u0131n\u0131rlar i\u00e7erisinde kalan miktar ve \u015fartlar alt\u0131nda hayvanlara yedirildi\u011fi takdirde sa\u011fl\u0131klar\u0131nda herhangi bir zararl\u0131 etkisi olmayan ve hayvanlar\u0131n faydalanabilecekleri \u015fekilde organik veya inorganik besin maddeleri ihtiva eden materyallere yem denmektedir. Hayvanc\u0131l\u0131k potansiyeli bak\u0131m\u0131ndan d\u00fcnyada \u00f6nemli \u00fclkeler aras\u0131nda g\u00f6sterilen fakat bu pastadan yeterince pay alamayan [&hellip;]<\/p>\n","protected":false},"author":1,"featured_media":0,"parent":296,"menu_order":0,"comment_status":"closed","ping_status":"closed","template":"","meta":{"footnotes":""},"class_list":["post-311","page","type-page","status-publish","hentry"],"_links":{"self":[{"href":"https:\/\/polarisconsultancy.biz\/en\/wp-json\/wp\/v2\/pages\/311","targetHints":{"allow":["GET"]}}],"collection":[{"href":"https:\/\/polarisconsultancy.biz\/en\/wp-json\/wp\/v2\/pages"}],"about":[{"href":"https:\/\/polarisconsultancy.biz\/en\/wp-json\/wp\/v2\/types\/page"}],"author":[{"embeddable":true,"href":"https:\/\/polarisconsultancy.biz\/en\/wp-json\/wp\/v2\/users\/1"}],"replies":[{"embeddable":true,"href":"https:\/\/polarisconsultancy.biz\/en\/wp-json\/wp\/v2\/comments?post=311"}],"version-history":[{"count":0,"href":"https:\/\/polarisconsultancy.biz\/en\/wp-json\/wp\/v2\/pages\/311\/revisions"}],"up":[{"embeddable":true,"href":"https:\/\/polarisconsultancy.biz\/en\/wp-json\/wp\/v2\/pages\/296"}],"wp:attachment":[{"href":"https:\/\/polarisconsultancy.biz\/en\/wp-json\/wp\/v2\/media?parent=311"}],"curies":[{"name":"wp","href":"https:\/\/api.w.org\/{rel}","templated":true}]}}