{"id":317,"date":"2023-08-02T08:20:30","date_gmt":"2023-08-02T05:20:30","guid":{"rendered":"https:\/\/polarisconsultancy.biz\/?page_id=317"},"modified":"2023-09-21T11:34:27","modified_gmt":"2023-09-21T08:34:27","slug":"tarim-sektoru","status":"publish","type":"page","link":"https:\/\/polarisconsultancy.biz\/en\/sectors-2\/agriculture-sector-2\/","title":{"rendered":"Agriculture Sector"},"content":{"rendered":"<div data-elementor-type=\"wp-page\" data-elementor-id=\"317\" class=\"elementor elementor-317\" data-elementor-post-type=\"page\">\n\t\t\t\t<div class=\"elementor-element elementor-element-511cf5b e-flex e-con-boxed e-con e-parent\" data-id=\"511cf5b\" data-element_type=\"container\" data-e-type=\"container\">\n\t\t\t\t\t<div class=\"e-con-inner\">\n\t\t<div class=\"elementor-element elementor-element-60820993 e-con-full e-flex e-con e-child\" data-id=\"60820993\" data-element_type=\"container\" data-e-type=\"container\">\n\t\t\t\t<div class=\"elementor-element elementor-element-b00a65a elementor-widget elementor-widget-heading\" data-id=\"b00a65a\" data-element_type=\"widget\" data-e-type=\"widget\" data-widget_type=\"heading.default\">\n\t\t\t\t\t<h2 class=\"elementor-heading-title elementor-size-default\">Agriculture Sector<\/h2>\t\t\t\t<\/div>\n\t\t\t\t<\/div>\n\t\t\t\t\t<\/div>\n\t\t\t\t<\/div>\n\t\t<div class=\"elementor-element elementor-element-1df04ed8 e-con-full e-flex e-con e-parent\" data-id=\"1df04ed8\" data-element_type=\"container\" data-e-type=\"container\">\n\t\t\t\t<div class=\"elementor-element elementor-element-d35db56 elementor-widget-divider--view-line elementor-widget elementor-widget-divider\" data-id=\"d35db56\" data-element_type=\"widget\" data-e-type=\"widget\" data-widget_type=\"divider.default\">\n\t\t\t\t\t\t\t<div class=\"elementor-divider\">\n\t\t\t<span class=\"elementor-divider-separator\">\n\t\t\t\t\t\t<\/span>\n\t\t<\/div>\n\t\t\t\t\t\t<\/div>\n\t\t\t\t<\/div>\n\t\t<div class=\"elementor-element elementor-element-760201b1 e-flex e-con-boxed e-con e-parent\" data-id=\"760201b1\" data-element_type=\"container\" data-e-type=\"container\">\n\t\t\t\t\t<div class=\"e-con-inner\">\n\t\t<div class=\"elementor-element elementor-element-7e9579b4 e-con-full e-flex e-con e-child\" data-id=\"7e9579b4\" data-element_type=\"container\" data-e-type=\"container\">\n\t\t\t\t<div class=\"elementor-element elementor-element-3f685176 elementor-widget elementor-widget-image\" data-id=\"3f685176\" data-element_type=\"widget\" data-e-type=\"widget\" data-widget_type=\"image.default\">\n\t\t\t\t\t\t\t\t\t\t\t\t\t\t\t<img fetchpriority=\"high\" decoding=\"async\" width=\"1170\" height=\"370\" src=\"https:\/\/polarisconsultancy.biz\/wp-content\/uploads\/2023\/08\/Tarim-Sektoru.png\" class=\"attachment-full size-full wp-image-307\" alt=\"\" srcset=\"https:\/\/polarisconsultancy.biz\/wp-content\/uploads\/2023\/08\/Tarim-Sektoru.png 1170w, https:\/\/polarisconsultancy.biz\/wp-content\/uploads\/2023\/08\/Tarim-Sektoru-300x95.png 300w, https:\/\/polarisconsultancy.biz\/wp-content\/uploads\/2023\/08\/Tarim-Sektoru-1024x324.png 1024w, https:\/\/polarisconsultancy.biz\/wp-content\/uploads\/2023\/08\/Tarim-Sektoru-768x243.png 768w\" sizes=\"(max-width: 1170px) 100vw, 1170px\" \/>\t\t\t\t\t\t\t\t\t\t\t\t\t\t\t<\/div>\n\t\t\t\t<\/div>\n\t\t<div class=\"elementor-element elementor-element-39f7753c e-con-full e-flex e-con e-child\" data-id=\"39f7753c\" data-element_type=\"container\" data-e-type=\"container\">\n\t\t\t\t<div class=\"elementor-element elementor-element-21e54807 elementor-widget elementor-widget-text-editor\" data-id=\"21e54807\" data-element_type=\"widget\" data-e-type=\"widget\" data-widget_type=\"text-editor.default\">\n\t\t\t\t\t\t\t\t\t<p><span style=\"font-weight: 400;\">Our report, which we have prepared in the light of current data to serve as a guide for your companies in the agri-food sector, examines the agricultural agenda, foreign trade, sector problems and policies in detail. The most developed countries in the world in agriculture are the USA, and if taken as a whole, the EU (Germany, the Netherlands and France), China, India and Brazil. They are followed by Indonesia, Turkey, Canada and Russia. Naturally, the big players of the world market in agriculture can differentiate on the supply or demand side of the market. The current data of the country and the city you have identified are the plant protection products, plant nutrition products <\/span><b>Polaris<\/b><b>\u2019 <\/b><span style=\"font-weight: 400;\">s experienced staff examined and analyzed and presented to you.<\/span><\/p>\t\t\t\t\t\t\t\t<\/div>\n\t\t\t\t<\/div>\n\t\t\t\t\t<\/div>\n\t\t\t\t<\/div>\n\t\t\t\t<\/div>","protected":false},"excerpt":{"rendered":"<p>Tar\u0131m Sekt\u00f6r\u00fc Tar\u0131m-g\u0131da sekt\u00f6r\u00fcnde bulunan \u015firketlerinize rehber olmas\u0131 amac\u0131yla g\u00fcncel veriler \u0131\u015f\u0131\u011f\u0131nda haz\u0131rlad\u0131\u011f\u0131m\u0131z raporumuz, d\u00fcnyada tar\u0131m g\u00fcndemini, d\u0131\u015f ticaretini, sekt\u00f6r sorun ve politikalar\u0131n\u0131 detayl\u0131 bir bi\u00e7imde incelemekteyiz. Tar\u0131mda d\u00fcnyaya en geli\u015fmi\u015f \u00fclkeler ABD, e\u011fer bir b\u00fct\u00fcn olarak ele al\u0131n\u0131rsa AB (Almanya, Hollanda ve Fransa), \u00c7in, Hindistan ve Brezilya\u2019d\u0131r. Bunlar\u0131 Endonezya, T\u00fcrkiye, Kanada ve Rusya izliyor. [&hellip;]<\/p>\n","protected":false},"author":1,"featured_media":0,"parent":296,"menu_order":0,"comment_status":"closed","ping_status":"closed","template":"","meta":{"footnotes":""},"class_list":["post-317","page","type-page","status-publish","hentry"],"_links":{"self":[{"href":"https:\/\/polarisconsultancy.biz\/en\/wp-json\/wp\/v2\/pages\/317","targetHints":{"allow":["GET"]}}],"collection":[{"href":"https:\/\/polarisconsultancy.biz\/en\/wp-json\/wp\/v2\/pages"}],"about":[{"href":"https:\/\/polarisconsultancy.biz\/en\/wp-json\/wp\/v2\/types\/page"}],"author":[{"embeddable":true,"href":"https:\/\/polarisconsultancy.biz\/en\/wp-json\/wp\/v2\/users\/1"}],"replies":[{"embeddable":true,"href":"https:\/\/polarisconsultancy.biz\/en\/wp-json\/wp\/v2\/comments?post=317"}],"version-history":[{"count":0,"href":"https:\/\/polarisconsultancy.biz\/en\/wp-json\/wp\/v2\/pages\/317\/revisions"}],"up":[{"embeddable":true,"href":"https:\/\/polarisconsultancy.biz\/en\/wp-json\/wp\/v2\/pages\/296"}],"wp:attachment":[{"href":"https:\/\/polarisconsultancy.biz\/en\/wp-json\/wp\/v2\/media?parent=317"}],"curies":[{"name":"wp","href":"https:\/\/api.w.org\/{rel}","templated":true}]}}