{"id":323,"date":"2023-08-02T08:22:08","date_gmt":"2023-08-02T05:22:08","guid":{"rendered":"https:\/\/polarisconsultancy.biz\/?page_id=323"},"modified":"2023-09-21T11:02:03","modified_gmt":"2023-09-21T08:02:03","slug":"finans-sektoru","status":"publish","type":"page","link":"https:\/\/polarisconsultancy.biz\/en\/sectors-2\/finance-sector-2\/","title":{"rendered":"Finance Sector"},"content":{"rendered":"<div data-elementor-type=\"wp-page\" data-elementor-id=\"323\" class=\"elementor elementor-323\" data-elementor-post-type=\"page\">\n\t\t\t\t<div class=\"elementor-element elementor-element-5a43cac8 e-flex e-con-boxed e-con e-parent\" data-id=\"5a43cac8\" data-element_type=\"container\" data-e-type=\"container\">\n\t\t\t\t\t<div class=\"e-con-inner\">\n\t\t<div class=\"elementor-element elementor-element-5016f47a e-con-full e-flex e-con e-child\" data-id=\"5016f47a\" data-element_type=\"container\" data-e-type=\"container\">\n\t\t\t\t<div class=\"elementor-element elementor-element-183652ad elementor-widget elementor-widget-heading\" data-id=\"183652ad\" data-element_type=\"widget\" data-e-type=\"widget\" data-widget_type=\"heading.default\">\n\t\t\t\t\t<h2 class=\"elementor-heading-title elementor-size-default\">Finance Sector<\/h2>\t\t\t\t<\/div>\n\t\t\t\t<\/div>\n\t\t\t\t\t<\/div>\n\t\t\t\t<\/div>\n\t\t<div class=\"elementor-element elementor-element-4636cd80 e-con-full e-flex e-con e-parent\" data-id=\"4636cd80\" data-element_type=\"container\" data-e-type=\"container\">\n\t\t\t\t<div class=\"elementor-element elementor-element-7afc18a5 elementor-widget-divider--view-line elementor-widget elementor-widget-divider\" data-id=\"7afc18a5\" data-element_type=\"widget\" data-e-type=\"widget\" data-widget_type=\"divider.default\">\n\t\t\t\t\t\t\t<div class=\"elementor-divider\">\n\t\t\t<span class=\"elementor-divider-separator\">\n\t\t\t\t\t\t<\/span>\n\t\t<\/div>\n\t\t\t\t\t\t<\/div>\n\t\t\t\t<\/div>\n\t\t<div class=\"elementor-element elementor-element-3dddc997 e-flex e-con-boxed e-con e-parent\" data-id=\"3dddc997\" data-element_type=\"container\" data-e-type=\"container\">\n\t\t\t\t\t<div class=\"e-con-inner\">\n\t\t<div class=\"elementor-element elementor-element-542225ae e-con-full e-flex e-con e-child\" data-id=\"542225ae\" data-element_type=\"container\" data-e-type=\"container\">\n\t\t\t\t<div class=\"elementor-element elementor-element-6d39444d elementor-widget elementor-widget-image\" data-id=\"6d39444d\" data-element_type=\"widget\" data-e-type=\"widget\" data-widget_type=\"image.default\">\n\t\t\t\t\t\t\t\t\t\t\t\t\t\t\t<img fetchpriority=\"high\" decoding=\"async\" width=\"1170\" height=\"370\" src=\"https:\/\/polarisconsultancy.biz\/wp-content\/uploads\/2023\/08\/Finans-Sektoru-1.png\" class=\"attachment-full size-full wp-image-309\" alt=\"\" srcset=\"https:\/\/polarisconsultancy.biz\/wp-content\/uploads\/2023\/08\/Finans-Sektoru-1.png 1170w, https:\/\/polarisconsultancy.biz\/wp-content\/uploads\/2023\/08\/Finans-Sektoru-1-300x95.png 300w, https:\/\/polarisconsultancy.biz\/wp-content\/uploads\/2023\/08\/Finans-Sektoru-1-1024x324.png 1024w, https:\/\/polarisconsultancy.biz\/wp-content\/uploads\/2023\/08\/Finans-Sektoru-1-768x243.png 768w\" sizes=\"(max-width: 1170px) 100vw, 1170px\" \/>\t\t\t\t\t\t\t\t\t\t\t\t\t\t\t<\/div>\n\t\t\t\t<\/div>\n\t\t<div class=\"elementor-element elementor-element-44009ef6 e-con-full e-flex e-con e-child\" data-id=\"44009ef6\" data-element_type=\"container\" data-e-type=\"container\">\n\t\t\t\t<div class=\"elementor-element elementor-element-25a2c6c0 elementor-widget elementor-widget-text-editor\" data-id=\"25a2c6c0\" data-element_type=\"widget\" data-e-type=\"widget\" data-widget_type=\"text-editor.default\">\n\t\t\t\t\t\t\t\t\t<p><span style=\"font-weight: 400;\">Finance is an integral part of any business, especially for start-ups and enterprises. It is finding funds on favorable terms when needed and using them in the most efficient way. In addition, it involves investing in assets to keep a business moving forward in line with its goals and making the best use of idle funds within a company over time. Good risk management is essential for finance; this means and requires you to strike a balance between risk and return by analyzing reports with our experienced staff before we present them to you. In order to achieve this balance, we analyze the reports with our experienced staff and present them to you.<\/span><\/p>\t\t\t\t\t\t\t\t<\/div>\n\t\t\t\t<\/div>\n\t\t\t\t\t<\/div>\n\t\t\t\t<\/div>\n\t\t\t\t<\/div>","protected":false},"excerpt":{"rendered":"<p>Finans Sekt\u00f6r\u00fc Finans, \u00f6zellikle Start-up&#8217; lar ve i\u015fletmeler i\u00e7in herhangi bir i\u015fletmenin ayr\u0131lmaz bir par\u00e7as\u0131d\u0131r. Gerekti\u011finde uygun ko\u015fullarda fon bulmak ve en etkin \u015fekilde kullanmakt\u0131r. Ek olarak, bir i\u015fletmenin hedefleri do\u011frultusunda ilerlemesini sa\u011flamak i\u00e7in varl\u0131klara yat\u0131r\u0131m yapmay\u0131 ve zaman i\u00e7inde bir \u015firket i\u00e7indeki at\u0131l fonlar\u0131 en iyi \u015fekilde kullanmay\u0131 i\u00e7erir. Finans i\u00e7in iyi bir risk [&hellip;]<\/p>\n","protected":false},"author":1,"featured_media":0,"parent":296,"menu_order":0,"comment_status":"closed","ping_status":"closed","template":"","meta":{"footnotes":""},"class_list":["post-323","page","type-page","status-publish","hentry"],"_links":{"self":[{"href":"https:\/\/polarisconsultancy.biz\/en\/wp-json\/wp\/v2\/pages\/323","targetHints":{"allow":["GET"]}}],"collection":[{"href":"https:\/\/polarisconsultancy.biz\/en\/wp-json\/wp\/v2\/pages"}],"about":[{"href":"https:\/\/polarisconsultancy.biz\/en\/wp-json\/wp\/v2\/types\/page"}],"author":[{"embeddable":true,"href":"https:\/\/polarisconsultancy.biz\/en\/wp-json\/wp\/v2\/users\/1"}],"replies":[{"embeddable":true,"href":"https:\/\/polarisconsultancy.biz\/en\/wp-json\/wp\/v2\/comments?post=323"}],"version-history":[{"count":0,"href":"https:\/\/polarisconsultancy.biz\/en\/wp-json\/wp\/v2\/pages\/323\/revisions"}],"up":[{"embeddable":true,"href":"https:\/\/polarisconsultancy.biz\/en\/wp-json\/wp\/v2\/pages\/296"}],"wp:attachment":[{"href":"https:\/\/polarisconsultancy.biz\/en\/wp-json\/wp\/v2\/media?parent=323"}],"curies":[{"name":"wp","href":"https:\/\/api.w.org\/{rel}","templated":true}]}}