{"id":329,"date":"2023-08-02T08:23:32","date_gmt":"2023-08-02T05:23:32","guid":{"rendered":"https:\/\/polarisconsultancy.biz\/?page_id=329"},"modified":"2023-09-21T11:33:55","modified_gmt":"2023-09-21T08:33:55","slug":"perakende-sektoru","status":"publish","type":"page","link":"https:\/\/polarisconsultancy.biz\/en\/sectors-2\/retail-sector-2\/","title":{"rendered":"Retail Sector"},"content":{"rendered":"<div data-elementor-type=\"wp-page\" data-elementor-id=\"329\" class=\"elementor elementor-329\" data-elementor-post-type=\"page\">\n\t\t\t\t<div class=\"elementor-element elementor-element-365c9bb2 e-flex e-con-boxed e-con e-parent\" data-id=\"365c9bb2\" data-element_type=\"container\" data-e-type=\"container\">\n\t\t\t\t\t<div class=\"e-con-inner\">\n\t\t<div class=\"elementor-element elementor-element-5445f4e5 e-con-full e-flex e-con e-child\" data-id=\"5445f4e5\" data-element_type=\"container\" data-e-type=\"container\">\n\t\t\t\t<div class=\"elementor-element elementor-element-9c2cc2d elementor-widget elementor-widget-heading\" data-id=\"9c2cc2d\" data-element_type=\"widget\" data-e-type=\"widget\" data-widget_type=\"heading.default\">\n\t\t\t\t\t<h2 class=\"elementor-heading-title elementor-size-default\">Retail Sector<\/h2>\t\t\t\t<\/div>\n\t\t\t\t<\/div>\n\t\t\t\t\t<\/div>\n\t\t\t\t<\/div>\n\t\t<div class=\"elementor-element elementor-element-70ebd1f0 e-con-full e-flex e-con e-parent\" data-id=\"70ebd1f0\" data-element_type=\"container\" data-e-type=\"container\">\n\t\t\t\t<div class=\"elementor-element elementor-element-3f7308c elementor-widget-divider--view-line elementor-widget elementor-widget-divider\" data-id=\"3f7308c\" data-element_type=\"widget\" data-e-type=\"widget\" data-widget_type=\"divider.default\">\n\t\t\t\t\t\t\t<div class=\"elementor-divider\">\n\t\t\t<span class=\"elementor-divider-separator\">\n\t\t\t\t\t\t<\/span>\n\t\t<\/div>\n\t\t\t\t\t\t<\/div>\n\t\t\t\t<\/div>\n\t\t<div class=\"elementor-element elementor-element-6ef1d133 e-flex e-con-boxed e-con e-parent\" data-id=\"6ef1d133\" data-element_type=\"container\" data-e-type=\"container\">\n\t\t\t\t\t<div class=\"e-con-inner\">\n\t\t<div class=\"elementor-element elementor-element-6eb47630 e-con-full e-flex e-con e-child\" data-id=\"6eb47630\" data-element_type=\"container\" data-e-type=\"container\">\n\t\t\t\t<div class=\"elementor-element elementor-element-6ed31b9c elementor-widget elementor-widget-image\" data-id=\"6ed31b9c\" data-element_type=\"widget\" data-e-type=\"widget\" data-widget_type=\"image.default\">\n\t\t\t\t\t\t\t\t\t\t\t\t\t\t\t<img fetchpriority=\"high\" decoding=\"async\" width=\"1170\" height=\"370\" src=\"https:\/\/polarisconsultancy.biz\/wp-content\/uploads\/2023\/08\/Perakende-Sektoru.png\" class=\"attachment-full size-full wp-image-305\" alt=\"\" srcset=\"https:\/\/polarisconsultancy.biz\/wp-content\/uploads\/2023\/08\/Perakende-Sektoru.png 1170w, https:\/\/polarisconsultancy.biz\/wp-content\/uploads\/2023\/08\/Perakende-Sektoru-300x95.png 300w, https:\/\/polarisconsultancy.biz\/wp-content\/uploads\/2023\/08\/Perakende-Sektoru-1024x324.png 1024w, https:\/\/polarisconsultancy.biz\/wp-content\/uploads\/2023\/08\/Perakende-Sektoru-768x243.png 768w\" sizes=\"(max-width: 1170px) 100vw, 1170px\" \/>\t\t\t\t\t\t\t\t\t\t\t\t\t\t\t<\/div>\n\t\t\t\t<\/div>\n\t\t<div class=\"elementor-element elementor-element-20547e19 e-con-full e-flex e-con e-child\" data-id=\"20547e19\" data-element_type=\"container\" data-e-type=\"container\">\n\t\t\t\t<div class=\"elementor-element elementor-element-30c1d994 elementor-widget elementor-widget-text-editor\" data-id=\"30c1d994\" data-element_type=\"widget\" data-e-type=\"widget\" data-widget_type=\"text-editor.default\">\n\t\t\t\t\t\t\t\t\t<p><span style=\"font-weight: 400;\">The retail sector is one of the economic sectors in an economy. This sector is responsible for supplying products to the final consumer. Because the retail sector is the sector that brings together traders and companies responsible for marketing. Increasing e-commerce in recent years has caused retailers to change their business models. Under intense competition conditions, retailers manage their marketing channels not only through physical stores but also through many intermediaries such as online stores and special shopping sites. Changes in retailing and marketing channels often make competition conditions more difficult. Retail companies should be able to recognize consumer behaviors changing with technology and globalization and update their business models in line with these trends. We help our customers overcome sectoral challenges with our solutions tailored to the needs of the retail sector. Today, retailers focus on strategies that are in line with technological developments, as well as meeting customers' wants and needs very quickly. While technological advancements often bring benefits and more choice to consumers, they also require retailers to adapt quickly to change.<\/span><\/p>\t\t\t\t\t\t\t\t<\/div>\n\t\t\t\t<\/div>\n\t\t\t\t\t<\/div>\n\t\t\t\t<\/div>\n\t\t\t\t<\/div>","protected":false},"excerpt":{"rendered":"<p>Perakende Sekt\u00f6r\u00fc Perakende sekt\u00f6r\u00fc, bir ekonomide bulunan ekonomik sekt\u00f6rlerden biridir. Bu sekt\u00f6r, nihai t\u00fcketiciye \u00fcr\u00fcn tedarikinden sorumludur. \u00c7\u00fcnk\u00fc perakende sekt\u00f6r\u00fc, t\u00fcccarlar\u0131 ve pazarlamadan sorumlu \u015firketleri bir araya getiren sekt\u00f6rd\u00fcr.\u00a0Son y\u0131llarda artan e-ticaret perakendecilerin i\u015f modellerini de\u011fi\u015ftirmelerine neden olmu\u015ftur. Yo\u011fun rekabet ko\u015fullar\u0131nda perakendeciler sadece fiziksel ma\u011fazalar\u0131yla de\u011fil \u00e7evrimi\u00e7i ma\u011faza ve \u00f6zel al\u0131\u015fveri\u015f siteleri gibi bir\u00e7ok arac\u0131yla [&hellip;]<\/p>\n","protected":false},"author":1,"featured_media":0,"parent":296,"menu_order":0,"comment_status":"closed","ping_status":"closed","template":"","meta":{"footnotes":""},"class_list":["post-329","page","type-page","status-publish","hentry"],"_links":{"self":[{"href":"https:\/\/polarisconsultancy.biz\/en\/wp-json\/wp\/v2\/pages\/329","targetHints":{"allow":["GET"]}}],"collection":[{"href":"https:\/\/polarisconsultancy.biz\/en\/wp-json\/wp\/v2\/pages"}],"about":[{"href":"https:\/\/polarisconsultancy.biz\/en\/wp-json\/wp\/v2\/types\/page"}],"author":[{"embeddable":true,"href":"https:\/\/polarisconsultancy.biz\/en\/wp-json\/wp\/v2\/users\/1"}],"replies":[{"embeddable":true,"href":"https:\/\/polarisconsultancy.biz\/en\/wp-json\/wp\/v2\/comments?post=329"}],"version-history":[{"count":0,"href":"https:\/\/polarisconsultancy.biz\/en\/wp-json\/wp\/v2\/pages\/329\/revisions"}],"up":[{"embeddable":true,"href":"https:\/\/polarisconsultancy.biz\/en\/wp-json\/wp\/v2\/pages\/296"}],"wp:attachment":[{"href":"https:\/\/polarisconsultancy.biz\/en\/wp-json\/wp\/v2\/media?parent=329"}],"curies":[{"name":"wp","href":"https:\/\/api.w.org\/{rel}","templated":true}]}}