{"id":335,"date":"2023-08-02T08:25:30","date_gmt":"2023-08-02T05:25:30","guid":{"rendered":"https:\/\/polarisconsultancy.biz\/?page_id=335"},"modified":"2023-09-21T11:33:40","modified_gmt":"2023-09-21T08:33:40","slug":"kimya-sektoru","status":"publish","type":"page","link":"https:\/\/polarisconsultancy.biz\/en\/sectors-2\/chemical-industry-2\/","title":{"rendered":"Chemical Industry"},"content":{"rendered":"<div data-elementor-type=\"wp-page\" data-elementor-id=\"335\" class=\"elementor elementor-335\" data-elementor-post-type=\"page\">\n\t\t\t\t<div class=\"elementor-element elementor-element-41283328 e-flex e-con-boxed e-con e-parent\" data-id=\"41283328\" data-element_type=\"container\" data-e-type=\"container\">\n\t\t\t\t\t<div class=\"e-con-inner\">\n\t\t<div class=\"elementor-element elementor-element-38bf0f61 e-con-full e-flex e-con e-child\" data-id=\"38bf0f61\" data-element_type=\"container\" data-e-type=\"container\">\n\t\t\t\t<div class=\"elementor-element elementor-element-7208e145 elementor-widget elementor-widget-heading\" data-id=\"7208e145\" data-element_type=\"widget\" data-e-type=\"widget\" data-widget_type=\"heading.default\">\n\t\t\t\t\t<h2 class=\"elementor-heading-title elementor-size-default\">Chemical Industry <\/h2>\t\t\t\t<\/div>\n\t\t\t\t<\/div>\n\t\t\t\t\t<\/div>\n\t\t\t\t<\/div>\n\t\t<div class=\"elementor-element elementor-element-5fc68861 e-con-full e-flex e-con e-parent\" data-id=\"5fc68861\" data-element_type=\"container\" data-e-type=\"container\">\n\t\t\t\t<div class=\"elementor-element elementor-element-12a2e5b9 elementor-widget-divider--view-line elementor-widget elementor-widget-divider\" data-id=\"12a2e5b9\" data-element_type=\"widget\" data-e-type=\"widget\" data-widget_type=\"divider.default\">\n\t\t\t\t\t\t\t<div class=\"elementor-divider\">\n\t\t\t<span class=\"elementor-divider-separator\">\n\t\t\t\t\t\t<\/span>\n\t\t<\/div>\n\t\t\t\t\t\t<\/div>\n\t\t\t\t<\/div>\n\t\t<div class=\"elementor-element elementor-element-19d9fcaf e-flex e-con-boxed e-con e-parent\" data-id=\"19d9fcaf\" data-element_type=\"container\" data-e-type=\"container\">\n\t\t\t\t\t<div class=\"e-con-inner\">\n\t\t<div class=\"elementor-element elementor-element-7441cc24 e-con-full e-flex e-con e-child\" data-id=\"7441cc24\" data-element_type=\"container\" data-e-type=\"container\">\n\t\t\t\t<div class=\"elementor-element elementor-element-7df03725 elementor-widget elementor-widget-image\" data-id=\"7df03725\" data-element_type=\"widget\" data-e-type=\"widget\" data-widget_type=\"image.default\">\n\t\t\t\t\t\t\t\t\t\t\t\t\t\t\t<img fetchpriority=\"high\" decoding=\"async\" width=\"1170\" height=\"370\" src=\"https:\/\/polarisconsultancy.biz\/wp-content\/uploads\/2023\/08\/Kimya-Sektoru.png\" class=\"attachment-full size-full wp-image-304\" alt=\"\" srcset=\"https:\/\/polarisconsultancy.biz\/wp-content\/uploads\/2023\/08\/Kimya-Sektoru.png 1170w, https:\/\/polarisconsultancy.biz\/wp-content\/uploads\/2023\/08\/Kimya-Sektoru-300x95.png 300w, https:\/\/polarisconsultancy.biz\/wp-content\/uploads\/2023\/08\/Kimya-Sektoru-1024x324.png 1024w, https:\/\/polarisconsultancy.biz\/wp-content\/uploads\/2023\/08\/Kimya-Sektoru-768x243.png 768w\" sizes=\"(max-width: 1170px) 100vw, 1170px\" \/>\t\t\t\t\t\t\t\t\t\t\t\t\t\t\t<\/div>\n\t\t\t\t<\/div>\n\t\t<div class=\"elementor-element elementor-element-3bee971f e-con-full e-flex e-con e-child\" data-id=\"3bee971f\" data-element_type=\"container\" data-e-type=\"container\">\n\t\t\t\t<div class=\"elementor-element elementor-element-37cc1f0a elementor-widget elementor-widget-text-editor\" data-id=\"37cc1f0a\" data-element_type=\"widget\" data-e-type=\"widget\" data-widget_type=\"text-editor.default\">\n\t\t\t\t\t\t\t\t\t<p><span style=\"font-weight: 400;\">Chemistry sector,<\/span> <b>Polaris<\/b><span style=\"font-weight: 400;\"> \u2018s expert staff is prepared with data obtained from sources considered reliable. In the chemical industry, <\/span><b>Polaris<\/b><span style=\"font-weight: 400;\"> aims to provide services at a reasonable and fair cost for everyone to operate in the chemical market. Thanks to its expert staff prepared with data obtained from reliable sources, <\/span><b>Polaris<\/b><span style=\"font-weight: 400;\">\u2018s experience and knowledge spans a very wide area. This company also has the ability to create supply chains, which allows you to import and export between trading partners from different countries. <\/span><b>Polaris<\/b><span style=\"font-weight: 400;\">\u2018s services include the procurement system as mentioned before, but in some cases they can also provide technological support. I believe that this will help us to gain a competitive advantage, especially in emerging technologies; they can develop projects with highly professional teamwork to realize this. Let's not forget that they have leadership skills as well as the ability to help us get answers to any question we want about the details. .<\/span><\/p><p><span style=\"font-weight: 400;\">\u00a0Whether you source chemicals from around the world or provide chemical service solutions, we are here to help you run your business.<\/span><\/p>\t\t\t\t\t\t\t\t<\/div>\n\t\t\t\t<\/div>\n\t\t\t\t\t<\/div>\n\t\t\t\t<\/div>\n\t\t\t\t<\/div>","protected":false},"excerpt":{"rendered":"<p>Kimya Sekt\u00f6r\u00fc Kimya sekt\u00f6r\u00fcnde, Polaris \u2018in uzman kadrosu g\u00fcvenilir olarak kabul edilen kaynaklardan elde edilen verilerle haz\u0131rlanmaktad\u0131r. Kimya sekt\u00f6r\u00fcnde, Polaris kimyasal pazarda faaliyet g\u00f6stermek i\u00e7in herkes i\u00e7in makul ve adil bir maliyetle hizmet sunmay\u0131 ama\u00e7lamaktad\u0131r. G\u00fcvenilir kaynaklardan elde edilen veriler ile haz\u0131rlanm\u0131\u015f uzman kadrosu sayesinde, Polaris&#8216;in deneyimi ve bilgisi \u00e7ok geni\u015f bir alana yay\u0131lmaktad\u0131r. Bu [&hellip;]<\/p>\n","protected":false},"author":1,"featured_media":0,"parent":296,"menu_order":0,"comment_status":"closed","ping_status":"closed","template":"","meta":{"footnotes":""},"class_list":["post-335","page","type-page","status-publish","hentry"],"_links":{"self":[{"href":"https:\/\/polarisconsultancy.biz\/en\/wp-json\/wp\/v2\/pages\/335","targetHints":{"allow":["GET"]}}],"collection":[{"href":"https:\/\/polarisconsultancy.biz\/en\/wp-json\/wp\/v2\/pages"}],"about":[{"href":"https:\/\/polarisconsultancy.biz\/en\/wp-json\/wp\/v2\/types\/page"}],"author":[{"embeddable":true,"href":"https:\/\/polarisconsultancy.biz\/en\/wp-json\/wp\/v2\/users\/1"}],"replies":[{"embeddable":true,"href":"https:\/\/polarisconsultancy.biz\/en\/wp-json\/wp\/v2\/comments?post=335"}],"version-history":[{"count":0,"href":"https:\/\/polarisconsultancy.biz\/en\/wp-json\/wp\/v2\/pages\/335\/revisions"}],"up":[{"embeddable":true,"href":"https:\/\/polarisconsultancy.biz\/en\/wp-json\/wp\/v2\/pages\/296"}],"wp:attachment":[{"href":"https:\/\/polarisconsultancy.biz\/en\/wp-json\/wp\/v2\/media?parent=335"}],"curies":[{"name":"wp","href":"https:\/\/api.w.org\/{rel}","templated":true}]}}