{"id":406,"date":"2023-08-02T09:46:20","date_gmt":"2023-08-02T06:46:20","guid":{"rendered":"https:\/\/polarisconsultancy.biz\/?page_id=406"},"modified":"2023-09-21T11:44:18","modified_gmt":"2023-09-21T08:44:18","slug":"ulke-arastirmalari-raporlama-ve-analiz-hizmetleri","status":"publish","type":"page","link":"https:\/\/polarisconsultancy.biz\/en\/hizmetler\/country-research-reporting-and-analysis-services\/","title":{"rendered":"Country Research, Reporting and Analysis Services"},"content":{"rendered":"<div data-elementor-type=\"wp-page\" data-elementor-id=\"406\" class=\"elementor elementor-406\" data-elementor-post-type=\"page\">\n\t\t\t\t<div class=\"elementor-element elementor-element-25d2d00c e-flex e-con-boxed e-con e-parent\" data-id=\"25d2d00c\" data-element_type=\"container\" data-e-type=\"container\">\n\t\t\t\t\t<div class=\"e-con-inner\">\n\t\t\t\t<div class=\"elementor-element elementor-element-4edc1063 elementor-widget elementor-widget-heading\" data-id=\"4edc1063\" data-element_type=\"widget\" data-e-type=\"widget\" data-widget_type=\"heading.default\">\n\t\t\t\t\t<h2 class=\"elementor-heading-title elementor-size-default\">Country Research, Reporting and Analysis Services<\/h2>\t\t\t\t<\/div>\n\t\t\t\t\t<\/div>\n\t\t\t\t<\/div>\n\t\t<div class=\"elementor-element elementor-element-67a8e9aa e-con-full e-flex e-con e-parent\" data-id=\"67a8e9aa\" data-element_type=\"container\" data-e-type=\"container\">\n\t\t\t\t<div class=\"elementor-element elementor-element-3b56d26e elementor-widget-divider--view-line elementor-widget elementor-widget-divider\" data-id=\"3b56d26e\" data-element_type=\"widget\" data-e-type=\"widget\" data-widget_type=\"divider.default\">\n\t\t\t\t\t\t\t<div class=\"elementor-divider\">\n\t\t\t<span class=\"elementor-divider-separator\">\n\t\t\t\t\t\t<\/span>\n\t\t<\/div>\n\t\t\t\t\t\t<\/div>\n\t\t\t\t<\/div>\n\t\t<div class=\"elementor-element elementor-element-73917176 e-flex e-con-boxed e-con e-parent\" data-id=\"73917176\" data-element_type=\"container\" data-e-type=\"container\">\n\t\t\t\t\t<div class=\"e-con-inner\">\n\t\t<div class=\"elementor-element elementor-element-15a2f8e0 e-flex e-con-boxed e-con e-child\" data-id=\"15a2f8e0\" data-element_type=\"container\" data-e-type=\"container\">\n\t\t\t\t\t<div class=\"e-con-inner\">\n\t\t\t\t<div class=\"elementor-element elementor-element-68121d55 elementor-widget elementor-widget-image\" data-id=\"68121d55\" data-element_type=\"widget\" data-e-type=\"widget\" data-widget_type=\"image.default\">\n\t\t\t\t\t\t\t\t\t\t\t\t\t\t\t<img fetchpriority=\"high\" decoding=\"async\" width=\"1170\" height=\"370\" src=\"https:\/\/polarisconsultancy.biz\/wp-content\/uploads\/2023\/08\/Rapor-ve-Ulke-Analizleri-Hizmetleri.png\" class=\"attachment-full size-full wp-image-400\" alt=\"\" srcset=\"https:\/\/polarisconsultancy.biz\/wp-content\/uploads\/2023\/08\/Rapor-ve-Ulke-Analizleri-Hizmetleri.png 1170w, https:\/\/polarisconsultancy.biz\/wp-content\/uploads\/2023\/08\/Rapor-ve-Ulke-Analizleri-Hizmetleri-300x95.png 300w, https:\/\/polarisconsultancy.biz\/wp-content\/uploads\/2023\/08\/Rapor-ve-Ulke-Analizleri-Hizmetleri-1024x324.png 1024w, https:\/\/polarisconsultancy.biz\/wp-content\/uploads\/2023\/08\/Rapor-ve-Ulke-Analizleri-Hizmetleri-768x243.png 768w\" sizes=\"(max-width: 1170px) 100vw, 1170px\" \/>\t\t\t\t\t\t\t\t\t\t\t\t\t\t\t<\/div>\n\t\t\t\t\t<\/div>\n\t\t\t\t<\/div>\n\t\t\t\t<div class=\"elementor-element elementor-element-4d0bf787 elementor-widget elementor-widget-text-editor\" data-id=\"4d0bf787\" data-element_type=\"widget\" data-e-type=\"widget\" data-widget_type=\"text-editor.default\">\n\t\t\t\t\t\t\t\t\t<p><span style=\"font-weight: 400;\">As a result of the rapid political, economic and social changes in the world in recent years, the fact that businesses are not satisfied with domestic activities and want to take advantage of opportunities outside the country has led to the emergence of foreign organizations and multinational companies operating in foreign countries. The increase in competition in the international arena has necessitated forward sales. In addition, international financial institutions have been established to meet the resource needs of countries and businesses. All these developments have brought along country risk, which is an important type of risk. <\/span><b>Polaris<\/b><span style=\"font-weight: 400;\">\u00a0For you, his work addresses country risk, types, consequences and measurement of country risk.<\/span><\/p>\t\t\t\t\t\t\t\t<\/div>\n\t\t\t\t\t<\/div>\n\t\t\t\t<\/div>\n\t\t\t\t<\/div>","protected":false},"excerpt":{"rendered":"<p>\u00dclke Ara\u015ft\u0131rmalar\u0131, Raporlama ve Analiz Hizmetleri Son y\u0131llarda d\u00fcnyadan ya\u015fanan h\u0131zl\u0131 politik, ekonomik ve sosyal de\u011fi\u015fmeler sonucunda, i\u015fletmelerin \u00fclke i\u00e7i faaliyetlerle yetinmeyip, \u00fclke d\u0131\u015f\u0131 f\u0131rsatlar\u0131 da de\u011ferlendirmek istemeleri, d\u0131\u015f \u00fclkelerde faaliyet g\u00f6steren yabanc\u0131 kurulu\u015flar ve \u00e7ok uluslu \u015firketler ortaya \u00e7\u0131kmas\u0131na neden olmu\u015ftur. Uluslararas\u0131 alanda rekabetin artmas\u0131 vadeli sat\u0131\u015flar\u0131 zorunlu k\u0131lm\u0131\u015ft\u0131r. Ayr\u0131ca \u00fclkelerin ve i\u015fletmelerin kaynak [&hellip;]<\/p>\n","protected":false},"author":1,"featured_media":0,"parent":287,"menu_order":0,"comment_status":"closed","ping_status":"closed","template":"","meta":{"footnotes":""},"class_list":["post-406","page","type-page","status-publish","hentry"],"_links":{"self":[{"href":"https:\/\/polarisconsultancy.biz\/en\/wp-json\/wp\/v2\/pages\/406","targetHints":{"allow":["GET"]}}],"collection":[{"href":"https:\/\/polarisconsultancy.biz\/en\/wp-json\/wp\/v2\/pages"}],"about":[{"href":"https:\/\/polarisconsultancy.biz\/en\/wp-json\/wp\/v2\/types\/page"}],"author":[{"embeddable":true,"href":"https:\/\/polarisconsultancy.biz\/en\/wp-json\/wp\/v2\/users\/1"}],"replies":[{"embeddable":true,"href":"https:\/\/polarisconsultancy.biz\/en\/wp-json\/wp\/v2\/comments?post=406"}],"version-history":[{"count":0,"href":"https:\/\/polarisconsultancy.biz\/en\/wp-json\/wp\/v2\/pages\/406\/revisions"}],"up":[{"embeddable":true,"href":"https:\/\/polarisconsultancy.biz\/en\/wp-json\/wp\/v2\/pages\/287"}],"wp:attachment":[{"href":"https:\/\/polarisconsultancy.biz\/en\/wp-json\/wp\/v2\/media?parent=406"}],"curies":[{"name":"wp","href":"https:\/\/api.w.org\/{rel}","templated":true}]}}