{"id":415,"date":"2023-08-02T09:48:11","date_gmt":"2023-08-02T06:48:11","guid":{"rendered":"https:\/\/polarisconsultancy.biz\/?page_id=415"},"modified":"2023-09-21T11:43:36","modified_gmt":"2023-09-21T08:43:36","slug":"pazar-analiz-ve-arastirma-hizmetleri","status":"publish","type":"page","link":"https:\/\/polarisconsultancy.biz\/en\/hizmetler\/market-analysis-and-research-services-2\/","title":{"rendered":"Market Analysis and Research Services"},"content":{"rendered":"<div data-elementor-type=\"wp-page\" data-elementor-id=\"415\" class=\"elementor elementor-415\" data-elementor-post-type=\"page\">\n\t\t\t\t<div class=\"elementor-element elementor-element-12742956 e-flex e-con-boxed e-con e-parent\" data-id=\"12742956\" data-element_type=\"container\" data-e-type=\"container\">\n\t\t\t\t\t<div class=\"e-con-inner\">\n\t\t\t\t<div class=\"elementor-element elementor-element-53a87ba7 elementor-widget elementor-widget-heading\" data-id=\"53a87ba7\" data-element_type=\"widget\" data-e-type=\"widget\" data-widget_type=\"heading.default\">\n\t\t\t\t\t<h2 class=\"elementor-heading-title elementor-size-default\">Market Analysis and Research Services<\/h2>\t\t\t\t<\/div>\n\t\t\t\t\t<\/div>\n\t\t\t\t<\/div>\n\t\t<div class=\"elementor-element elementor-element-581b4ee0 e-con-full e-flex e-con e-parent\" data-id=\"581b4ee0\" data-element_type=\"container\" data-e-type=\"container\">\n\t\t\t\t<div class=\"elementor-element elementor-element-67948642 elementor-widget-divider--view-line elementor-widget elementor-widget-divider\" data-id=\"67948642\" data-element_type=\"widget\" data-e-type=\"widget\" data-widget_type=\"divider.default\">\n\t\t\t\t\t\t\t<div class=\"elementor-divider\">\n\t\t\t<span class=\"elementor-divider-separator\">\n\t\t\t\t\t\t<\/span>\n\t\t<\/div>\n\t\t\t\t\t\t<\/div>\n\t\t\t\t<\/div>\n\t\t<div class=\"elementor-element elementor-element-1a96b360 e-flex e-con-boxed e-con e-parent\" data-id=\"1a96b360\" data-element_type=\"container\" data-e-type=\"container\">\n\t\t\t\t\t<div class=\"e-con-inner\">\n\t\t<div class=\"elementor-element elementor-element-277afcf e-flex e-con-boxed e-con e-child\" data-id=\"277afcf\" data-element_type=\"container\" data-e-type=\"container\">\n\t\t\t\t\t<div class=\"e-con-inner\">\n\t\t\t\t<div class=\"elementor-element elementor-element-41dd741a elementor-widget elementor-widget-image\" data-id=\"41dd741a\" data-element_type=\"widget\" data-e-type=\"widget\" data-widget_type=\"image.default\">\n\t\t\t\t\t\t\t\t\t\t\t\t\t\t\t<img fetchpriority=\"high\" decoding=\"async\" width=\"1170\" height=\"370\" src=\"https:\/\/polarisconsultancy.biz\/wp-content\/uploads\/2023\/08\/Pazar-Arastirmasi-2.png\" class=\"attachment-full size-full wp-image-402\" alt=\"\" srcset=\"https:\/\/polarisconsultancy.biz\/wp-content\/uploads\/2023\/08\/Pazar-Arastirmasi-2.png 1170w, https:\/\/polarisconsultancy.biz\/wp-content\/uploads\/2023\/08\/Pazar-Arastirmasi-2-300x95.png 300w, https:\/\/polarisconsultancy.biz\/wp-content\/uploads\/2023\/08\/Pazar-Arastirmasi-2-1024x324.png 1024w, https:\/\/polarisconsultancy.biz\/wp-content\/uploads\/2023\/08\/Pazar-Arastirmasi-2-768x243.png 768w\" sizes=\"(max-width: 1170px) 100vw, 1170px\" \/>\t\t\t\t\t\t\t\t\t\t\t\t\t\t\t<\/div>\n\t\t\t\t\t<\/div>\n\t\t\t\t<\/div>\n\t\t\t\t<div class=\"elementor-element elementor-element-df46f47 elementor-widget elementor-widget-text-editor\" data-id=\"df46f47\" data-element_type=\"widget\" data-e-type=\"widget\" data-widget_type=\"text-editor.default\">\n\t\t\t\t\t\t\t\t\t<p style=\"font-weight: 400;\"><span style=\"font-weight: 400;\">With the pre-investment market research studies we offer to our clients, we competently portray the target audience, shed light on the opportunities in the market and increase predictability.  Assessing a foreign market to learn about the potential of your product or service abroad is not possible without sector-specific knowledge. At the same time, without knowing the language of the country and the country itself, without on-site interviews and research, you cannot have a comprehensive knowledge base. In order to successfully enter the domestic and international market <\/span><b>Polaris <\/b><span style=\"font-weight: 400;\">we will be pleased to provide the necessary support.<\/span><\/p>\t\t\t\t\t\t\t\t<\/div>\n\t\t\t\t\t<\/div>\n\t\t\t\t<\/div>\n\t\t\t\t<\/div>","protected":false},"excerpt":{"rendered":"<p>Pazar Analiz ve Ara\u015ft\u0131rma Hizmetleri M\u00fc\u015fterilerimize sundu\u011fumuz yat\u0131r\u0131m \u00f6ncesi pazar ara\u015ft\u0131rma \u00e7al\u0131\u015fmalar\u0131 ile hedef kitleyi yetkinlikle resmediyor, pazardaki f\u0131rsatlara \u0131\u015f\u0131k tutuyor ve \u00f6ng\u00f6r\u00fclebilirli\u011fi art\u0131r\u0131yoruz.\u00a0 \u00dcr\u00fcn veya hizmetinizin yurtd\u0131\u015f\u0131ndaki potansiyeli hakk\u0131nda bilgi mi edinmek i\u00e7in yabanc\u0131 bir pazar\u0131 de\u011ferlendirmek, sekt\u00f6re \u00f6zg\u00fc bilgilere sahip olmadan m\u00fcmk\u00fcn de\u011fildir. Ayn\u0131 zamanda \u00fclkenin dilini ve kendisini bilmeden, yerinde m\u00fclakatlar ve [&hellip;]<\/p>\n","protected":false},"author":1,"featured_media":0,"parent":287,"menu_order":0,"comment_status":"closed","ping_status":"closed","template":"","meta":{"footnotes":""},"class_list":["post-415","page","type-page","status-publish","hentry"],"_links":{"self":[{"href":"https:\/\/polarisconsultancy.biz\/en\/wp-json\/wp\/v2\/pages\/415","targetHints":{"allow":["GET"]}}],"collection":[{"href":"https:\/\/polarisconsultancy.biz\/en\/wp-json\/wp\/v2\/pages"}],"about":[{"href":"https:\/\/polarisconsultancy.biz\/en\/wp-json\/wp\/v2\/types\/page"}],"author":[{"embeddable":true,"href":"https:\/\/polarisconsultancy.biz\/en\/wp-json\/wp\/v2\/users\/1"}],"replies":[{"embeddable":true,"href":"https:\/\/polarisconsultancy.biz\/en\/wp-json\/wp\/v2\/comments?post=415"}],"version-history":[{"count":0,"href":"https:\/\/polarisconsultancy.biz\/en\/wp-json\/wp\/v2\/pages\/415\/revisions"}],"up":[{"embeddable":true,"href":"https:\/\/polarisconsultancy.biz\/en\/wp-json\/wp\/v2\/pages\/287"}],"wp:attachment":[{"href":"https:\/\/polarisconsultancy.biz\/en\/wp-json\/wp\/v2\/media?parent=415"}],"curies":[{"name":"wp","href":"https:\/\/api.w.org\/{rel}","templated":true}]}}