{"id":421,"date":"2023-08-02T09:49:39","date_gmt":"2023-08-02T06:49:39","guid":{"rendered":"https:\/\/polarisconsultancy.biz\/?page_id=421"},"modified":"2023-09-21T11:42:29","modified_gmt":"2023-09-21T08:42:29","slug":"denetim-hizmetleri","status":"publish","type":"page","link":"https:\/\/polarisconsultancy.biz\/en\/hizmetler\/audit-services-2\/","title":{"rendered":"Audit Services"},"content":{"rendered":"<div data-elementor-type=\"wp-page\" data-elementor-id=\"421\" class=\"elementor elementor-421\" data-elementor-post-type=\"page\">\n\t\t\t\t<div class=\"elementor-element elementor-element-4b93193f e-flex e-con-boxed e-con e-parent\" data-id=\"4b93193f\" data-element_type=\"container\" data-e-type=\"container\">\n\t\t\t\t\t<div class=\"e-con-inner\">\n\t\t\t\t<div class=\"elementor-element elementor-element-1441af0c elementor-widget elementor-widget-heading\" data-id=\"1441af0c\" data-element_type=\"widget\" data-e-type=\"widget\" data-widget_type=\"heading.default\">\n\t\t\t\t\t<h2 class=\"elementor-heading-title elementor-size-default\">Audit Services<\/h2>\t\t\t\t<\/div>\n\t\t\t\t\t<\/div>\n\t\t\t\t<\/div>\n\t\t<div class=\"elementor-element elementor-element-66ce8b50 e-con-full e-flex e-con e-parent\" data-id=\"66ce8b50\" data-element_type=\"container\" data-e-type=\"container\">\n\t\t\t\t<div class=\"elementor-element elementor-element-5f63a287 elementor-widget-divider--view-line elementor-widget elementor-widget-divider\" data-id=\"5f63a287\" data-element_type=\"widget\" data-e-type=\"widget\" data-widget_type=\"divider.default\">\n\t\t\t\t\t\t\t<div class=\"elementor-divider\">\n\t\t\t<span class=\"elementor-divider-separator\">\n\t\t\t\t\t\t<\/span>\n\t\t<\/div>\n\t\t\t\t\t\t<\/div>\n\t\t\t\t<\/div>\n\t\t<div class=\"elementor-element elementor-element-41076d14 e-flex e-con-boxed e-con e-parent\" data-id=\"41076d14\" data-element_type=\"container\" data-e-type=\"container\">\n\t\t\t\t\t<div class=\"e-con-inner\">\n\t\t<div class=\"elementor-element elementor-element-108df278 e-flex e-con-boxed e-con e-child\" data-id=\"108df278\" data-element_type=\"container\" data-e-type=\"container\">\n\t\t\t\t\t<div class=\"e-con-inner\">\n\t\t\t\t<div class=\"elementor-element elementor-element-2dbe1fba elementor-widget elementor-widget-image\" data-id=\"2dbe1fba\" data-element_type=\"widget\" data-e-type=\"widget\" data-widget_type=\"image.default\">\n\t\t\t\t\t\t\t\t\t\t\t\t\t\t\t<img fetchpriority=\"high\" decoding=\"async\" width=\"1170\" height=\"370\" src=\"https:\/\/polarisconsultancy.biz\/wp-content\/uploads\/2023\/08\/Denetim-Hizmeti.png\" class=\"attachment-full size-full wp-image-401\" alt=\"\" srcset=\"https:\/\/polarisconsultancy.biz\/wp-content\/uploads\/2023\/08\/Denetim-Hizmeti.png 1170w, https:\/\/polarisconsultancy.biz\/wp-content\/uploads\/2023\/08\/Denetim-Hizmeti-300x95.png 300w, https:\/\/polarisconsultancy.biz\/wp-content\/uploads\/2023\/08\/Denetim-Hizmeti-1024x324.png 1024w, https:\/\/polarisconsultancy.biz\/wp-content\/uploads\/2023\/08\/Denetim-Hizmeti-768x243.png 768w\" sizes=\"(max-width: 1170px) 100vw, 1170px\" \/>\t\t\t\t\t\t\t\t\t\t\t\t\t\t\t<\/div>\n\t\t\t\t\t<\/div>\n\t\t\t\t<\/div>\n\t\t\t\t<div class=\"elementor-element elementor-element-495381d1 elementor-widget elementor-widget-text-editor\" data-id=\"495381d1\" data-element_type=\"widget\" data-e-type=\"widget\" data-widget_type=\"text-editor.default\">\n\t\t\t\t\t\t\t\t\t<p><span style=\"font-weight: 400;\">In our company, we provide independent audit services to ensure that the annual financial statements and other financial information of the enterprises comply with the criteria determined for these statements and information. Our team of experienced auditors uses generally accepted auditing standards to audit and evaluate the books, records and documents to obtain sufficient evidence to provide a reasonable assurance opinion. We are committed to providing accurate and objective reports in accordance with International Financial Reporting Standards (IFRS\/IFRS) as required by the users of financial statements. Through our comprehensive approach to understanding internal control systems as well as business processes within organizations, we strive to provide quality services that help our clients maintain compliance while efficiently managing their risks. <\/span><b>Polaris<\/b><span style=\"font-weight: 400;\">, We strive to provide the highest quality service and ensure that our customers' needs are met in every way possible. We have a team of experienced professionals dedicated to providing exceptional customer service and ensuring that all your requirements are met with the utmost care. Our commitment to excellence is what sets us apart from other companies and we guarantee satisfaction on every job.<\/span><\/p>\t\t\t\t\t\t\t\t<\/div>\n\t\t\t\t\t<\/div>\n\t\t\t\t<\/div>\n\t\t\t\t<\/div>","protected":false},"excerpt":{"rendered":"<p>Denetim Hizmetleri \u015eirketimizde i\u015fletmelerin y\u0131ll\u0131k mali tablolar\u0131n\u0131n ve di\u011fer mali bilgilerinin bu tablo ve bilgiler i\u00e7in belirlenen kriterlere uygunlu\u011funu sa\u011flamak amac\u0131yla ba\u011f\u0131ms\u0131z denetim hizmeti vermekteyiz. Deneyimli denet\u00e7ilerden olu\u015fan ekibimiz, makul g\u00fcvence g\u00f6r\u00fc\u015f\u00fc i\u00e7in yeterli kan\u0131t elde etmek amac\u0131yla defterleri, kay\u0131tlar\u0131, belgeleri denetlemek ve bunlar\u0131 de\u011ferlendirmek i\u00e7in genel kabul g\u00f6rm\u00fc\u015f ba\u011f\u0131ms\u0131z denetim standartlar\u0131n\u0131 kullan\u0131r. Finansal tablo [&hellip;]<\/p>\n","protected":false},"author":1,"featured_media":0,"parent":287,"menu_order":0,"comment_status":"closed","ping_status":"closed","template":"","meta":{"footnotes":""},"class_list":["post-421","page","type-page","status-publish","hentry"],"_links":{"self":[{"href":"https:\/\/polarisconsultancy.biz\/en\/wp-json\/wp\/v2\/pages\/421","targetHints":{"allow":["GET"]}}],"collection":[{"href":"https:\/\/polarisconsultancy.biz\/en\/wp-json\/wp\/v2\/pages"}],"about":[{"href":"https:\/\/polarisconsultancy.biz\/en\/wp-json\/wp\/v2\/types\/page"}],"author":[{"embeddable":true,"href":"https:\/\/polarisconsultancy.biz\/en\/wp-json\/wp\/v2\/users\/1"}],"replies":[{"embeddable":true,"href":"https:\/\/polarisconsultancy.biz\/en\/wp-json\/wp\/v2\/comments?post=421"}],"version-history":[{"count":0,"href":"https:\/\/polarisconsultancy.biz\/en\/wp-json\/wp\/v2\/pages\/421\/revisions"}],"up":[{"embeddable":true,"href":"https:\/\/polarisconsultancy.biz\/en\/wp-json\/wp\/v2\/pages\/287"}],"wp:attachment":[{"href":"https:\/\/polarisconsultancy.biz\/en\/wp-json\/wp\/v2\/media?parent=421"}],"curies":[{"name":"wp","href":"https:\/\/api.w.org\/{rel}","templated":true}]}}