{"id":673,"date":"2023-08-09T15:19:58","date_gmt":"2023-08-09T12:19:58","guid":{"rendered":"https:\/\/polarisconsultancy.biz\/?page_id=673"},"modified":"2023-09-21T11:04:13","modified_gmt":"2023-09-21T08:04:13","slug":"enerji-sektoru","status":"publish","type":"page","link":"https:\/\/polarisconsultancy.biz\/en\/sectors-2\/energy-sector-2\/","title":{"rendered":"Energy Sector"},"content":{"rendered":"<div data-elementor-type=\"wp-page\" data-elementor-id=\"673\" class=\"elementor elementor-673\" data-elementor-post-type=\"page\">\n\t\t\t\t<div class=\"elementor-element elementor-element-284f7b65 e-flex e-con-boxed e-con e-parent\" data-id=\"284f7b65\" data-element_type=\"container\" data-e-type=\"container\">\n\t\t\t\t\t<div class=\"e-con-inner\">\n\t\t<div class=\"elementor-element elementor-element-5838e098 e-con-full e-flex e-con e-child\" data-id=\"5838e098\" data-element_type=\"container\" data-e-type=\"container\">\n\t\t\t\t<div class=\"elementor-element elementor-element-3758d8b elementor-widget elementor-widget-heading\" data-id=\"3758d8b\" data-element_type=\"widget\" data-e-type=\"widget\" data-widget_type=\"heading.default\">\n\t\t\t\t\t<h2 class=\"elementor-heading-title elementor-size-default\">Energy Sector<\/h2>\t\t\t\t<\/div>\n\t\t\t\t<\/div>\n\t\t\t\t\t<\/div>\n\t\t\t\t<\/div>\n\t\t<div class=\"elementor-element elementor-element-4b15cb8b e-con-full e-flex e-con e-parent\" data-id=\"4b15cb8b\" data-element_type=\"container\" data-e-type=\"container\">\n\t\t\t\t<div class=\"elementor-element elementor-element-5202f2b4 elementor-widget-divider--view-line elementor-widget elementor-widget-divider\" data-id=\"5202f2b4\" data-element_type=\"widget\" data-e-type=\"widget\" data-widget_type=\"divider.default\">\n\t\t\t\t\t\t\t<div class=\"elementor-divider\">\n\t\t\t<span class=\"elementor-divider-separator\">\n\t\t\t\t\t\t<\/span>\n\t\t<\/div>\n\t\t\t\t\t\t<\/div>\n\t\t\t\t<\/div>\n\t\t<div class=\"elementor-element elementor-element-503042b8 e-flex e-con-boxed e-con e-parent\" data-id=\"503042b8\" data-element_type=\"container\" data-e-type=\"container\">\n\t\t\t\t\t<div class=\"e-con-inner\">\n\t\t<div class=\"elementor-element elementor-element-682a0aa9 e-con-full e-flex e-con e-child\" data-id=\"682a0aa9\" data-element_type=\"container\" data-e-type=\"container\">\n\t\t\t\t<div class=\"elementor-element elementor-element-21ce8396 elementor-widget elementor-widget-image\" data-id=\"21ce8396\" data-element_type=\"widget\" data-e-type=\"widget\" data-widget_type=\"image.default\">\n\t\t\t\t\t\t\t\t\t\t\t\t\t\t\t<img fetchpriority=\"high\" decoding=\"async\" width=\"2000\" height=\"690\" src=\"https:\/\/polarisconsultancy.biz\/wp-content\/uploads\/2023\/08\/solar-energy-1.jpg\" class=\"attachment-full size-full wp-image-680\" alt=\"solar energy\" srcset=\"https:\/\/polarisconsultancy.biz\/wp-content\/uploads\/2023\/08\/solar-energy-1.jpg 2000w, https:\/\/polarisconsultancy.biz\/wp-content\/uploads\/2023\/08\/solar-energy-1-300x104.jpg 300w, https:\/\/polarisconsultancy.biz\/wp-content\/uploads\/2023\/08\/solar-energy-1-1024x353.jpg 1024w, https:\/\/polarisconsultancy.biz\/wp-content\/uploads\/2023\/08\/solar-energy-1-768x265.jpg 768w, https:\/\/polarisconsultancy.biz\/wp-content\/uploads\/2023\/08\/solar-energy-1-1536x530.jpg 1536w\" sizes=\"(max-width: 2000px) 100vw, 2000px\" \/>\t\t\t\t\t\t\t\t\t\t\t\t\t\t\t<\/div>\n\t\t\t\t<\/div>\n\t\t<div class=\"elementor-element elementor-element-19c1bafa e-con-full e-flex e-con e-child\" data-id=\"19c1bafa\" data-element_type=\"container\" data-e-type=\"container\">\n\t\t\t\t<div class=\"elementor-element elementor-element-7119c228 elementor-widget elementor-widget-text-editor\" data-id=\"7119c228\" data-element_type=\"widget\" data-e-type=\"widget\" data-widget_type=\"text-editor.default\">\n\t\t\t\t\t\t\t\t\t<p><span style=\"font-weight: 400;\">Enerji ya\u015fam\u0131m\u0131zda hayati bir kavram olarak yer almakta ve enerjiye olan ihtiya\u00e7 da g\u00fcn ge\u00e7tik\u00e7e artmaktad\u0131r. Amerikan Enerji Bilgi \u0130daresi taraf\u0131ndan 2011 y\u0131l\u0131nda yap\u0131lan bir \u00e7al\u0131\u015fmaya g\u00f6re 2008 ve 2038 y\u0131llar\u0131 aras\u0131nda enerji t\u00fcketiminin %35 artaca\u011f\u0131, d\u00fcnyan\u0131n toplam enerji kullan\u0131m\u0131n\u0131n ise 2008 y\u0131l\u0131nda 505 katrilyon btu iken 2020 de 619 katrilyon btu, 2035 y\u0131l\u0131nda ise 770 katrilyon btuya ula\u015fmas\u0131 beklenmektedir. Enerji t\u00fcketiminde b\u00fcy\u00fcme \u00e7o\u011funlukla OECD \u00fclkeleri d\u0131\u015f\u0131nda ger\u00e7ekle\u015fmektedir. 1990 ve 2035 y\u0131llar\u0131n\u0131 kapsayan bir \u00e7al\u0131\u015fmaya g\u00f6re OECD \u00fclkelerinde enerji t\u00fcketiminin %18 artmas\u0131 beklenirken OECD \u00fclkeleri d\u0131\u015f\u0131nda bu oran %85 olarak \u00f6ng\u00f6r\u00fclmektedir<\/span><\/p><p><span style=\"font-weight: 400;\">The production, distribution and sale of energy products that are produced, distributed and used to meet the energy requirements of countries is known as the energy sector. The sector focuses on the production, distribution and utilization of various energy resources such as natural gas, oil, coal and electricity. The sector also carries out environmental management activities to reduce the impact of these resources on the environment. The energy sector plays an important role in the economic and social development of countries. This sector ensures the supply and economically efficient use of energy resources used in the trade and production processes of countries.<\/span><\/p><p><span style=\"font-weight: 400;\">The energy sector consists of activities such as the construction of electricity generation facilities, the development of electricity generation technology and the operation of electricity generation facilities to meet the energy needs of countries. Today, the energy sector is growing rapidly.<\/span><\/p>\t\t\t\t\t\t\t\t<\/div>\n\t\t\t\t<\/div>\n\t\t\t\t\t<\/div>\n\t\t\t\t<\/div>\n\t\t\t\t<\/div>","protected":false},"excerpt":{"rendered":"<p>Enerji Sekt\u00f6r\u00fc Enerji ya\u015fam\u0131m\u0131zda hayati bir kavram olarak yer almakta ve enerjiye olan ihtiya\u00e7 da g\u00fcn ge\u00e7tik\u00e7e artmaktad\u0131r. Amerikan Enerji Bilgi \u0130daresi taraf\u0131ndan 2011 y\u0131l\u0131nda yap\u0131lan bir \u00e7al\u0131\u015fmaya g\u00f6re 2008 ve 2038 y\u0131llar\u0131 aras\u0131nda enerji t\u00fcketiminin %35 artaca\u011f\u0131, d\u00fcnyan\u0131n toplam enerji kullan\u0131m\u0131n\u0131n ise 2008 y\u0131l\u0131nda 505 katrilyon btu iken 2020 de 619 katrilyon btu, 2035 [&hellip;]<\/p>\n","protected":false},"author":1,"featured_media":0,"parent":296,"menu_order":0,"comment_status":"closed","ping_status":"closed","template":"","meta":{"footnotes":""},"class_list":["post-673","page","type-page","status-publish","hentry"],"_links":{"self":[{"href":"https:\/\/polarisconsultancy.biz\/en\/wp-json\/wp\/v2\/pages\/673","targetHints":{"allow":["GET"]}}],"collection":[{"href":"https:\/\/polarisconsultancy.biz\/en\/wp-json\/wp\/v2\/pages"}],"about":[{"href":"https:\/\/polarisconsultancy.biz\/en\/wp-json\/wp\/v2\/types\/page"}],"author":[{"embeddable":true,"href":"https:\/\/polarisconsultancy.biz\/en\/wp-json\/wp\/v2\/users\/1"}],"replies":[{"embeddable":true,"href":"https:\/\/polarisconsultancy.biz\/en\/wp-json\/wp\/v2\/comments?post=673"}],"version-history":[{"count":0,"href":"https:\/\/polarisconsultancy.biz\/en\/wp-json\/wp\/v2\/pages\/673\/revisions"}],"up":[{"embeddable":true,"href":"https:\/\/polarisconsultancy.biz\/en\/wp-json\/wp\/v2\/pages\/296"}],"wp:attachment":[{"href":"https:\/\/polarisconsultancy.biz\/en\/wp-json\/wp\/v2\/media?parent=673"}],"curies":[{"name":"wp","href":"https:\/\/api.w.org\/{rel}","templated":true}]}}