{"id":693,"date":"2023-08-09T15:25:47","date_gmt":"2023-08-09T12:25:47","guid":{"rendered":"https:\/\/polarisconsultancy.biz\/?page_id=693"},"modified":"2023-09-21T11:00:29","modified_gmt":"2023-09-21T08:00:29","slug":"gayrimenkul-sektoru","status":"publish","type":"page","link":"https:\/\/polarisconsultancy.biz\/en\/sectors-2\/real-estate-sector\/","title":{"rendered":"Real Estate Sector"},"content":{"rendered":"<div data-elementor-type=\"wp-page\" data-elementor-id=\"693\" class=\"elementor elementor-693\" data-elementor-post-type=\"page\">\n\t\t\t\t<div class=\"elementor-element elementor-element-4a38e03c e-flex e-con-boxed e-con e-parent\" data-id=\"4a38e03c\" data-element_type=\"container\" data-e-type=\"container\">\n\t\t\t\t\t<div class=\"e-con-inner\">\n\t\t<div class=\"elementor-element elementor-element-417383cf e-con-full e-flex e-con e-child\" data-id=\"417383cf\" data-element_type=\"container\" data-e-type=\"container\">\n\t\t\t\t<div class=\"elementor-element elementor-element-22e040b4 elementor-widget elementor-widget-heading\" data-id=\"22e040b4\" data-element_type=\"widget\" data-e-type=\"widget\" data-widget_type=\"heading.default\">\n\t\t\t\t\t<h2 class=\"elementor-heading-title elementor-size-default\">Real Estate Sector<\/h2>\t\t\t\t<\/div>\n\t\t\t\t<\/div>\n\t\t\t\t\t<\/div>\n\t\t\t\t<\/div>\n\t\t<div class=\"elementor-element elementor-element-76c4ad13 e-con-full e-flex e-con e-parent\" data-id=\"76c4ad13\" data-element_type=\"container\" data-e-type=\"container\">\n\t\t\t\t<div class=\"elementor-element elementor-element-6e50d21b elementor-widget-divider--view-line elementor-widget elementor-widget-divider\" data-id=\"6e50d21b\" data-element_type=\"widget\" data-e-type=\"widget\" data-widget_type=\"divider.default\">\n\t\t\t\t\t\t\t<div class=\"elementor-divider\">\n\t\t\t<span class=\"elementor-divider-separator\">\n\t\t\t\t\t\t<\/span>\n\t\t<\/div>\n\t\t\t\t\t\t<\/div>\n\t\t\t\t<\/div>\n\t\t<div class=\"elementor-element elementor-element-7abb2af7 e-flex e-con-boxed e-con e-parent\" data-id=\"7abb2af7\" data-element_type=\"container\" data-e-type=\"container\">\n\t\t\t\t\t<div class=\"e-con-inner\">\n\t\t<div class=\"elementor-element elementor-element-5de8043f e-con-full e-flex e-con e-child\" data-id=\"5de8043f\" data-element_type=\"container\" data-e-type=\"container\">\n\t\t\t\t<div class=\"elementor-element elementor-element-44759788 elementor-widget elementor-widget-image\" data-id=\"44759788\" data-element_type=\"widget\" data-e-type=\"widget\" data-widget_type=\"image.default\">\n\t\t\t\t\t\t\t\t\t\t\t\t\t\t\t<img fetchpriority=\"high\" decoding=\"async\" width=\"2000\" height=\"899\" src=\"https:\/\/polarisconsultancy.biz\/wp-content\/uploads\/2023\/08\/construction-concept-residential-building-drawings-and-architectural-house-models-on-an-office-desk.jpg\" class=\"attachment-full size-full wp-image-701\" alt=\"Construction concept. Residential building drawings and architectural house models on an office desk\" srcset=\"https:\/\/polarisconsultancy.biz\/wp-content\/uploads\/2023\/08\/construction-concept-residential-building-drawings-and-architectural-house-models-on-an-office-desk.jpg 2000w, https:\/\/polarisconsultancy.biz\/wp-content\/uploads\/2023\/08\/construction-concept-residential-building-drawings-and-architectural-house-models-on-an-office-desk-300x135.jpg 300w, https:\/\/polarisconsultancy.biz\/wp-content\/uploads\/2023\/08\/construction-concept-residential-building-drawings-and-architectural-house-models-on-an-office-desk-1024x460.jpg 1024w, https:\/\/polarisconsultancy.biz\/wp-content\/uploads\/2023\/08\/construction-concept-residential-building-drawings-and-architectural-house-models-on-an-office-desk-768x345.jpg 768w, https:\/\/polarisconsultancy.biz\/wp-content\/uploads\/2023\/08\/construction-concept-residential-building-drawings-and-architectural-house-models-on-an-office-desk-1536x690.jpg 1536w\" sizes=\"(max-width: 2000px) 100vw, 2000px\" \/>\t\t\t\t\t\t\t\t\t\t\t\t\t\t\t<\/div>\n\t\t\t\t<\/div>\n\t\t<div class=\"elementor-element elementor-element-63e3ad77 e-con-full e-flex e-con e-child\" data-id=\"63e3ad77\" data-element_type=\"container\" data-e-type=\"container\">\n\t\t\t\t<div class=\"elementor-element elementor-element-4548f81f elementor-widget elementor-widget-text-editor\" data-id=\"4548f81f\" data-element_type=\"widget\" data-e-type=\"widget\" data-widget_type=\"text-editor.default\">\n\t\t\t\t\t\t\t\t\t<p><span style=\"font-weight: 400;\">It is truly amazing to witness the acceleration of construction and real estate investments in rapidly developing economies in recent years. As the real estate market gains popularity among both institutional and individual investors, understanding the components of the local market becomes crucial to make wise investment choices. Demand for real estate and sectoral developments offer significant potential for both local and foreign investors.<\/span><\/p><p><span style=\"font-weight: 400;\">To address the complex issues and intricacies of the real estate sector, it is important to carefully monitor its current state and development. This requires in-depth knowledge of the internal and external factors that influence its performance. An experienced real estate company \u2018<\/span><b>Polaris<\/b><span style=\"font-weight: 400;\">\u2018At Kordsa, its staff are well-versed in the dynamics of the sector and are committed to monitoring its development.<\/span><\/p><p><span style=\"font-weight: 400;\">\u2018<\/span><b>Polaris<\/b><span style=\"font-weight: 400;\">\u2018 The real estate team in Turkey consists of highly experienced professionals, each a leader in their field. They are equipped to meet all the demands of their clients. The team provides ongoing support aligned with business needs and objectives to ensure the success of its clients. This comprehensive approach ensures that \u2018<\/span><b>Polaris<\/b><span style=\"font-weight: 400;\">\u2018s ability to help investors make informed decisions and effectively navigate the ever-changing real estate market.<\/span><\/p>\t\t\t\t\t\t\t\t<\/div>\n\t\t\t\t<\/div>\n\t\t\t\t\t<\/div>\n\t\t\t\t<\/div>\n\t\t\t\t<\/div>","protected":false},"excerpt":{"rendered":"<p>Gayrimenkul Sekt\u00f6r\u00fc Son y\u0131llarda h\u0131zla geli\u015fen ekonomilerde in\u015faat ve gayrimenkul yat\u0131r\u0131mlar\u0131n\u0131n h\u0131zlanmas\u0131na tan\u0131k olmak ger\u00e7ekten \u015fa\u015f\u0131rt\u0131c\u0131. Gayrimenkul piyasas\u0131 hem kurumsal hem de bireysel yat\u0131r\u0131mc\u0131lar aras\u0131nda pop\u00fclerlik kazand\u0131k\u00e7a, yerel piyasan\u0131n bile\u015fenlerini anlamak, ak\u0131ll\u0131ca yat\u0131r\u0131m se\u00e7imleri yapmak i\u00e7in \u00e7ok \u00f6nemli hale geliyor. Gayrimenkule olan talep ve sekt\u00f6rel geli\u015fmeler hem yerli hem de yabanc\u0131 yat\u0131r\u0131mc\u0131lar i\u00e7in \u00f6nemli bir [&hellip;]<\/p>\n","protected":false},"author":1,"featured_media":0,"parent":296,"menu_order":0,"comment_status":"closed","ping_status":"closed","template":"","meta":{"footnotes":""},"class_list":["post-693","page","type-page","status-publish","hentry"],"_links":{"self":[{"href":"https:\/\/polarisconsultancy.biz\/en\/wp-json\/wp\/v2\/pages\/693","targetHints":{"allow":["GET"]}}],"collection":[{"href":"https:\/\/polarisconsultancy.biz\/en\/wp-json\/wp\/v2\/pages"}],"about":[{"href":"https:\/\/polarisconsultancy.biz\/en\/wp-json\/wp\/v2\/types\/page"}],"author":[{"embeddable":true,"href":"https:\/\/polarisconsultancy.biz\/en\/wp-json\/wp\/v2\/users\/1"}],"replies":[{"embeddable":true,"href":"https:\/\/polarisconsultancy.biz\/en\/wp-json\/wp\/v2\/comments?post=693"}],"version-history":[{"count":0,"href":"https:\/\/polarisconsultancy.biz\/en\/wp-json\/wp\/v2\/pages\/693\/revisions"}],"up":[{"embeddable":true,"href":"https:\/\/polarisconsultancy.biz\/en\/wp-json\/wp\/v2\/pages\/296"}],"wp:attachment":[{"href":"https:\/\/polarisconsultancy.biz\/en\/wp-json\/wp\/v2\/media?parent=693"}],"curies":[{"name":"wp","href":"https:\/\/api.w.org\/{rel}","templated":true}]}}